{"id":15126,"date":"2022-12-31T14:43:21","date_gmt":"2022-12-31T11:13:21","guid":{"rendered":"https:\/\/www.petroacc.com?page_id=15126"},"modified":"2024-01-17T15:23:26","modified_gmt":"2024-01-17T11:53:26","slug":"ve-chung-toi","status":"publish","type":"page","link":"https:\/\/www.petroacc.com\/vi\/ve-chung-toi","title":{"rendered":"V\u1ec0 CH\u00daNG T\u00d4I"},"content":{"rendered":"<div class=\"fusion-fullwidth fullwidth-box nonhundred-percent-fullwidth non-hundred-percent-height-scrolling\"  style='background-color: #ffffff;background-position: center center;background-repeat: no-repeat;padding-top:0px;padding-right:0px;padding-bottom:0px;padding-left:0px;'><div class=\"fusion-builder-row fusion-row \"><div  class=\"fusion-layout-column fusion_builder_column fusion_builder_column_1_2  fusion-one-half fusion-column-first 1_2\"  style='margin-top:0px;margin-bottom:20px;width:48%; margin-right: 4%;'>\n\t\t\t\t\t<div class=\"fusion-column-wrapper\" style=\"padding: 0px 0px 0px 0px;background-position:left top;background-repeat:no-repeat;-webkit-background-size:cover;-moz-background-size:cover;-o-background-size:cover;background-size:cover;\"  data-bg-url=\"\">\n\t\t\t\t\t\t<div class=\"fusion-title title fusion-title-size-two\" style=\"margin-top:0px;margin-bottom:20px;\"><h2 class=\"title-heading-left\">Ch\u00e0o M\u1eebng \u0110\u1ebfn V\u1edbi C\u00f4ng Ty H\u00f3a D\u1ea7u Aras<\/h2><div class=\"title-sep-container\"><div class=\"title-sep sep-single\" style=\"border-color:#e0dede;\"><\/div><\/div><\/div><div class=\"fusion-text\"><p>C\u00f4ng ty h\u00f3a d\u1ea7u Aras (PETRO ACC) s\u1ebd l\u00e0 nh\u00e0 s\u1ea3n xu\u1ea5t H\u00f3a d\u1ea7u v\u1edbi nhi\u1ec1u lo\u1ea1i s\u1ea3n ph\u1ea9m H\u00f3a d\u1ea7u cung c\u1ea5p d\u1ecbch v\u1ee5 k\u1ef9 thu\u1eadt t\u1ed1t nh\u1ea5t v\u00e0 c\u00e1c s\u1ea3n ph\u1ea9m h\u00f3a d\u1ea7u ch\u1ea5t l\u01b0\u1ee3ng cho nhi\u1ec1u ng\u00e0nh s\u1ea3n xu\u1ea5t.<\/p>\n<p>PETRO ACC, c\u00f3 tr\u1ee5 s\u1edf ch\u00ednh \u1edf Ch\u00e2u \u00c1, ho\u1ea1t \u0111\u1ed9ng \u1edf Vi\u1ec5n \u0110\u00f4ng, Ch\u00e2u \u00c2u, Trung \u0110\u00f4ng v\u00e0 Ch\u00e2u Phi.<\/p>\n<p>C\u00f4ng ty PETRO ACC s\u1ebd t\u00edch c\u1ef1c tham gia v\u00e0o Ch\u01b0\u01a1ng tr\u00ecnh ph\u00e2n ph\u1ed1i c\u00f3 tr\u00e1ch nhi\u1ec7m. Ch\u00fang t\u00f4i cam k\u1ebft cung c\u1ea5p c\u00e1c s\u1ea3n ph\u1ea9m v\u00e0 d\u1ecbch v\u1ee5 cho kh\u00e1ch h\u00e0ng m\u1ed9t c\u00e1ch k\u1ecbp th\u1eddi, lu\u00f4n \u0111\u00e1p \u1ee9ng c\u00e1c th\u00f4ng s\u1ed1 k\u1ef9 thu\u1eadt v\u00e0 \u0111\u00e1p \u1ee9ng mong \u0111\u1ee3i c\u1ee7a h\u1ecd. B\u1eb1ng c\u00e1ch h\u00e0nh \u0111\u1ed9ng c\u00f3 tr\u00e1ch nhi\u1ec7m trong t\u1ea5t c\u1ea3 c\u00e1c kh\u00eda c\u1ea1nh kinh doanh, ch\u00fang ta c\u00f3 th\u1ec3 l\u00e0m h\u00e0i l\u00f2ng kh\u00e1ch h\u00e0ng c\u1ee7a m\u00ecnh th\u00f4ng qua c\u1ea3i ti\u1ebfn li\u00ean t\u1ee5c.<\/p>\n<p><strong>L\u1ee3i th\u1ebf s\u1ea3n xu\u1ea5t c\u1ee7a ch\u00fang t\u00f4i:<\/strong><\/p>\n<p>Trong l\u0129nh v\u1ef1c S\u1ea3n ph\u1ea9m h\u00f3a d\u1ea7u, ch\u00fang t\u00f4i c\u00f3 m\u1ed9t s\u1ed1 l\u1ee3i th\u1ebf. ch\u1eb3ng h\u1ea1n nh\u01b0 Ti\u00eau chu\u1ea9n c\u00f4ng nghi\u1ec7p (ISIRI2361) v\u00e0 Ti\u00eau chu\u1ea9n th\u1ef1c ph\u1ea9m (ISIRI8394),\u00a0\u0110\u1ec3 \u0111\u00f3ng g\u00f3i d\u1ec5 s\u1eed d\u1ee5ng,\u00a0c\u00f3 t\u00ednh \u0111\u1ebfn ch\u1ea5t l\u01b0\u1ee3ng cao v\u00e0\u00a0gi\u00e1 c\u1ea3 c\u1ea1nh tranh.<\/p>\n<\/div><div class=\"fusion-clearfix\"><\/div>\n\n\t\t\t\t\t<\/div>\n\t\t\t\t<\/div><div  class=\"fusion-layout-column fusion_builder_column fusion_builder_column_1_2  fusion-one-half fusion-column-last 1_2\"  style='margin-top:0px;margin-bottom:0px;width:48%'>\n\t\t\t\t\t<div class=\"fusion-column-wrapper\" style=\"padding: 0px 0px 0px 0px;background-position:left top;background-repeat:no-repeat;-webkit-background-size:cover;-moz-background-size:cover;-o-background-size:cover;background-size:cover;\"  data-bg-url=\"\">\n\t\t\t\t\t\t<div class=\"fusion-slider-sc flexslider flexslider-hover-type-none\" style=\"max-width:100%;height:100%;\"><ul class=\"slides\"><li class=\"image\"><span class=\"hover-type-none\"><img decoding=\"async\" role=\"presentation\" src=\"https:\/\/www.petroacc.com\/wp-content\/uploads\/2014\/11\/petroacc-slider-home-1024x526.jpg\" \/><\/span><\/li><\/ul><\/div><div class=\"fusion-clearfix\"><\/div>\n\n\t\t\t\t\t<\/div>\n\t\t\t\t<\/div><div  class=\"fusion-layout-column fusion_builder_column fusion_builder_column_1_2  fusion-one-half fusion-column-first 1_2\"  style='margin-top:0px;margin-bottom:20px;width:48%; margin-right: 4%;'>\n\t\t\t\t\t<div class=\"fusion-column-wrapper\" style=\"padding: 0px 0px 0px 0px;background-position:left top;background-repeat:no-repeat;-webkit-background-size:cover;-moz-background-size:cover;-o-background-size:cover;background-size:cover;\"  data-bg-url=\"\">\n\t\t\t\t\t\t<div class=\"fusion-title title fusion-title-size-two\" style=\"margin-top:0px;margin-bottom:20px;\"><h2 class=\"title-heading-left\">T\u1ea1i sao C\u00f4ng ty h\u00f3a d\u1ea7u Aras<\/h2><div class=\"title-sep-container\"><div class=\"title-sep sep-single\" style=\"border-color:#e0dede;\"><\/div><\/div><\/div><style type=\"text\/css\" scoped=\"scoped\">.fusion-accordian  #accordion-15126-1 .panel-title a .fa-fusion-box{ color: #ffffff;}.fusion-accordian  #accordion-15126-1 .panel-title a .fa-fusion-box:before{ font-size: 13px; width: 13px;}<\/style><div class=\"accordian fusion-accordian\"><div class=\"panel-group\" id=\"accordion-15126-1\"><div class=\"fusion-panel panel-default\"><div class=\"panel-heading\"><h4 class=\"panel-title toggle\"><a data-toggle=\"collapse\" data-target=\"#526adb309b11b9da5\" href=\"#526adb309b11b9da5\"><div class=\"fusion-toggle-icon-wrapper\"><i class=\"fa-fusion-box\"><\/i><\/div><div class=\"fusion-toggle-heading\">S\u1ea3n xu\u1ea5t c\u00e1c s\u1ea3n ph\u1ea9m h\u00f3a d\u1ea7u ch\u1ea5t l\u01b0\u1ee3ng cao<\/div><\/a><\/h4><\/div><div id=\"526adb309b11b9da5\" class=\"panel-collapse collapse \"><div class=\"panel-body toggle-content\">\n<p>C\u00f4ng ty s\u1ea3n xu\u1ea5t h\u00f3a d\u1ea7u qu\u1ed1c t\u1ebf v\u1edbi c\u00e1c lo\u1ea1i s\u1ea3n ph\u1ea9m h\u00f3a d\u1ea7u kh\u00e1c nhau v\u1edbi d\u1ecbch v\u1ee5 xu\u1ea5t kh\u1ea9u t\u1ed1t nh\u1ea5t \u0111\u1ebfn t\u1ea5t c\u1ea3 c\u00e1c n\u01b0\u1edbc tr\u00ean th\u1ebf gi\u1edbi v\u1edbi ch\u1ea5t l\u01b0\u1ee3ng cao&#8230;<\/p>\n<\/div><\/div><\/div><div class=\"fusion-panel panel-default\"><div class=\"panel-heading\"><h4 class=\"panel-title toggle\"><a data-toggle=\"collapse\" data-target=\"#dca5bde4791ac360c\" href=\"#dca5bde4791ac360c\"><div class=\"fusion-toggle-icon-wrapper\"><i class=\"fa-fusion-box\"><\/i><\/div><div class=\"fusion-toggle-heading\">Cung c\u1ea5p nhi\u1ec1u s\u1ea3n ph\u1ea9m h\u00f3a d\u1ea7u<\/div><\/a><\/h4><\/div><div id=\"dca5bde4791ac360c\" class=\"panel-collapse collapse \"><div class=\"panel-body toggle-content\">\n<p>C\u00e1c d\u1ecbch v\u1ee5 ho\u1ea1t \u0111\u1ed9ng nh\u01b0 cung c\u1ea5p nguy\u00ean v\u1eadt li\u1ec7u H\u00f3a ch\u1ea5t cho c\u00e1c kh\u00e1ch h\u00e0ng th\u00e2n thi\u1ebft, ph\u1ee5c v\u1ee5 s\u1ea3n xu\u1ea5t, ch\u1ebf t\u1ea1o c\u00e1c s\u1ea3n ph\u1ea9m c\u00f4ng nghi\u1ec7p v\u00e0 phi c\u00f4ng nghi\u1ec7p&#8230;<\/p>\n<\/div><\/div><\/div><div class=\"fusion-panel panel-default\"><div class=\"panel-heading\"><h4 class=\"panel-title toggle\"><a data-toggle=\"collapse\" data-target=\"#27223fa2e3598c2e2\" href=\"#27223fa2e3598c2e2\"><div class=\"fusion-toggle-icon-wrapper\"><i class=\"fa-fusion-box\"><\/i><\/div><div class=\"fusion-toggle-heading\">Cung c\u1ea5p c\u00e1c s\u1ea3n ph\u1ea9m h\u00f3a d\u1ea7u ti\u00eau chu\u1ea9n ch\u1ea5t l\u01b0\u1ee3ng t\u1ed1t nh\u1ea5t<\/div><\/a><\/h4><\/div><div id=\"27223fa2e3598c2e2\" class=\"panel-collapse collapse \"><div class=\"panel-body toggle-content\">\n<p>Cung c\u1ea5p ch\u1ea5t l\u01b0\u1ee3ng cao v\u1edbi \u0111i\u1ec1u ki\u1ec7n \u0111\u00f3ng g\u00f3i t\u1ed1t nh\u1ea5t, nh\u00e3n hi\u1ec7u v\u00e0 logo ri\u00eang c\u1ee7a ch\u00fang t\u00f4i (\u0111\u1ed1i v\u1edbi m\u1ed9t s\u1ed1 lo\u1ea1i s\u1ea3n ph\u1ea9m) v\u00e0 xem x\u00e9t x\u00e1c th\u1ef1c c\u1ee7a c\u00e1c c\u00f4ng ty c\u0169ng nh\u01b0 th\u1ef1c hi\u1ec7n t\u1ea5t c\u1ea3 c\u00e1c d\u1ecbch v\u1ee5 h\u1ea3i quan \u0111\u1ec3 xu\u1ea5t kh\u1ea9u.<\/p>\n<\/div><\/div><\/div><\/div><\/div><div class=\"fusion-clearfix\"><\/div>\n\n\t\t\t\t\t<\/div>\n\t\t\t\t<\/div><div  class=\"fusion-layout-column fusion_builder_column fusion_builder_column_1_1  fusion-one-full fusion-column-last fusion-column-no-min-height 1_1\"  style='margin-top:0px;margin-bottom:0px;'>\n\t\t\t\t\t<div class=\"fusion-column-wrapper\" style=\"padding: 0px 0px 0px 0px;background-position:left top;background-repeat:no-repeat;-webkit-background-size:cover;-moz-background-size:cover;-o-background-size:cover;background-size:cover;\"  data-bg-url=\"\">\n\t\t\t\t\t\t<div class=\"fusion-sep-clear\"><\/div><div class=\"fusion-separator fusion-full-width-sep sep-none\" style=\"margin-left: auto;margin-right: auto;margin-top:20px;\"><\/div><div class=\"fusion-clearfix\"><\/div>\n\n\t\t\t\t\t<\/div>\n\t\t\t\t<\/div><\/div><\/div>\n","protected":false},"excerpt":{"rendered":"","protected":false},"author":4,"featured_media":0,"parent":0,"menu_order":0,"comment_status":"open","ping_status":"open","template":"100-width.php","meta":{"_joinchat":[],"footnotes":""},"class_list":["post-15126","page","type-page","status-publish","hentry"],"yoast_head":"<!-- This site is optimized with the Yoast SEO plugin v26.8 - https:\/\/yoast.com\/product\/yoast-seo-wordpress\/ -->\n<title>V\u1ec0 CH\u00daNG T\u00d4I | Aras Petrochemical Co.<\/title>\n<meta name=\"description\" content=\"C\u00f4ng ty h\u00f3a d\u1ea7u Arass\u1ebd l\u00e0 nh\u00e0 cung c\u1ea5p, s\u1ea3n xu\u1ea5t c\u00e1c s\u1ea3n ph\u1ea9m D\u1ea7u m\u1ecf v\u00e0 H\u00f3a d\u1ea7u v\u1edbi ch\u1ea5t l\u01b0\u1ee3ng cao v\u00e0 d\u1ecbch v\u1ee5 t\u1ed1t nh\u1ea5t.\" \/>\n<meta name=\"robots\" content=\"index, follow, max-snippet:-1, max-image-preview:large, max-video-preview:-1\" \/>\n<link rel=\"canonical\" href=\"https:\/\/www.petroacc.com\/vi\/ve-chung-toi\" \/>\n<meta property=\"og:locale\" content=\"vi_VN\" \/>\n<meta property=\"og:type\" content=\"article\" \/>\n<meta property=\"og:title\" content=\"V\u1ec0 CH\u00daNG T\u00d4I | Aras Petrochemical Co.\" \/>\n<meta property=\"og:description\" content=\"C\u00f4ng ty h\u00f3a d\u1ea7u Arass\u1ebd l\u00e0 nh\u00e0 cung c\u1ea5p, s\u1ea3n xu\u1ea5t c\u00e1c s\u1ea3n ph\u1ea9m D\u1ea7u m\u1ecf v\u00e0 H\u00f3a d\u1ea7u v\u1edbi ch\u1ea5t l\u01b0\u1ee3ng cao v\u00e0 d\u1ecbch v\u1ee5 t\u1ed1t nh\u1ea5t.\" \/>\n<meta property=\"og:url\" content=\"https:\/\/www.petroacc.com\/vi\/ve-chung-toi\" \/>\n<meta property=\"og:site_name\" content=\"Aras Petrochemical Co.\" \/>\n<meta property=\"article:publisher\" content=\"https:\/\/www.facebook.com\/groups\/1968368303375878\/\" \/>\n<meta property=\"article:modified_time\" content=\"2024-01-17T11:53:26+00:00\" \/>\n<meta name=\"twitter:card\" content=\"summary_large_image\" \/>\n<meta name=\"twitter:label1\" content=\"Est. reading time\" \/>\n\t<meta name=\"twitter:data1\" content=\"6 minutes\" \/>\n<script type=\"application\/ld+json\" class=\"yoast-schema-graph\">{\"@context\":\"https:\/\/schema.org\",\"@graph\":[{\"@type\":\"WebPage\",\"@id\":\"https:\/\/www.petroacc.com\/vi\/ve-chung-toi\",\"url\":\"https:\/\/www.petroacc.com\/vi\/ve-chung-toi\",\"name\":\"V\u1ec0 CH\u00daNG T\u00d4I | Aras Petrochemical Co.\",\"isPartOf\":{\"@id\":\"https:\/\/www.petroacc.com\/vi#website\"},\"datePublished\":\"2022-12-31T11:13:21+00:00\",\"dateModified\":\"2024-01-17T11:53:26+00:00\",\"description\":\"C\u00f4ng ty h\u00f3a d\u1ea7u Arass\u1ebd l\u00e0 nh\u00e0 cung c\u1ea5p, s\u1ea3n xu\u1ea5t c\u00e1c s\u1ea3n ph\u1ea9m D\u1ea7u m\u1ecf v\u00e0 H\u00f3a d\u1ea7u v\u1edbi ch\u1ea5t l\u01b0\u1ee3ng cao v\u00e0 d\u1ecbch v\u1ee5 t\u1ed1t nh\u1ea5t.\",\"breadcrumb\":{\"@id\":\"https:\/\/www.petroacc.com\/vi\/ve-chung-toi#breadcrumb\"},\"inLanguage\":\"vi-VN\",\"potentialAction\":[{\"@type\":\"ReadAction\",\"target\":[\"https:\/\/www.petroacc.com\/vi\/ve-chung-toi\"]}]},{\"@type\":\"BreadcrumbList\",\"@id\":\"https:\/\/www.petroacc.com\/vi\/ve-chung-toi#breadcrumb\",\"itemListElement\":[{\"@type\":\"ListItem\",\"position\":1,\"name\":\"Home\",\"item\":\"https:\/\/www.petroacc.com\/vi\"},{\"@type\":\"ListItem\",\"position\":2,\"name\":\"V\u1ec0 CH\u00daNG T\u00d4I\"}]},{\"@type\":\"WebSite\",\"@id\":\"https:\/\/www.petroacc.com\/vi#website\",\"url\":\"https:\/\/www.petroacc.com\/vi\",\"name\":\"Caustic soda flake | Calcium chloride\",\"description\":\"Petrochemical Company\",\"publisher\":{\"@id\":\"https:\/\/www.petroacc.com\/vi#organization\"},\"potentialAction\":[{\"@type\":\"SearchAction\",\"target\":{\"@type\":\"EntryPoint\",\"urlTemplate\":\"https:\/\/www.petroacc.com\/vi?s={search_term_string}\"},\"query-input\":{\"@type\":\"PropertyValueSpecification\",\"valueRequired\":true,\"valueName\":\"search_term_string\"}}],\"inLanguage\":\"vi-VN\"},{\"@type\":\"Organization\",\"@id\":\"https:\/\/www.petroacc.com\/vi#organization\",\"name\":\"Aras Petro Chemical CO\",\"url\":\"https:\/\/www.petroacc.com\/vi\",\"logo\":{\"@type\":\"ImageObject\",\"inLanguage\":\"vi-VN\",\"@id\":\"https:\/\/www.petroacc.com\/vi#\/schema\/logo\/image\/\",\"url\":\"https:\/\/www.petroacc.com\/wp-content\/uploads\/2019\/02\/Petroacc-logo.jpg\",\"contentUrl\":\"https:\/\/www.petroacc.com\/wp-content\/uploads\/2019\/02\/Petroacc-logo.jpg\",\"width\":319,\"height\":94,\"caption\":\"Aras Petro Chemical CO\"},\"image\":{\"@id\":\"https:\/\/www.petroacc.com\/vi#\/schema\/logo\/image\/\"},\"sameAs\":[\"https:\/\/www.facebook.com\/groups\/1968368303375878\/\"]}]}<\/script>\n<!-- \/ Yoast SEO plugin. -->","yoast_head_json":{"title":"V\u1ec0 CH\u00daNG T\u00d4I | Aras Petrochemical Co.","description":"C\u00f4ng ty h\u00f3a d\u1ea7u Arass\u1ebd l\u00e0 nh\u00e0 cung c\u1ea5p, s\u1ea3n xu\u1ea5t c\u00e1c s\u1ea3n ph\u1ea9m D\u1ea7u m\u1ecf v\u00e0 H\u00f3a d\u1ea7u v\u1edbi ch\u1ea5t l\u01b0\u1ee3ng cao v\u00e0 d\u1ecbch v\u1ee5 t\u1ed1t nh\u1ea5t.","robots":{"index":"index","follow":"follow","max-snippet":"max-snippet:-1","max-image-preview":"max-image-preview:large","max-video-preview":"max-video-preview:-1"},"canonical":"https:\/\/www.petroacc.com\/vi\/ve-chung-toi","og_locale":"vi_VN","og_type":"article","og_title":"V\u1ec0 CH\u00daNG T\u00d4I | Aras Petrochemical Co.","og_description":"C\u00f4ng ty h\u00f3a d\u1ea7u Arass\u1ebd l\u00e0 nh\u00e0 cung c\u1ea5p, s\u1ea3n xu\u1ea5t c\u00e1c s\u1ea3n ph\u1ea9m D\u1ea7u m\u1ecf v\u00e0 H\u00f3a d\u1ea7u v\u1edbi ch\u1ea5t l\u01b0\u1ee3ng cao v\u00e0 d\u1ecbch v\u1ee5 t\u1ed1t nh\u1ea5t.","og_url":"https:\/\/www.petroacc.com\/vi\/ve-chung-toi","og_site_name":"Aras Petrochemical Co.","article_publisher":"https:\/\/www.facebook.com\/groups\/1968368303375878\/","article_modified_time":"2024-01-17T11:53:26+00:00","twitter_card":"summary_large_image","twitter_misc":{"Est. reading time":"6 minutes"},"schema":{"@context":"https:\/\/schema.org","@graph":[{"@type":"WebPage","@id":"https:\/\/www.petroacc.com\/vi\/ve-chung-toi","url":"https:\/\/www.petroacc.com\/vi\/ve-chung-toi","name":"V\u1ec0 CH\u00daNG T\u00d4I | Aras Petrochemical Co.","isPartOf":{"@id":"https:\/\/www.petroacc.com\/vi#website"},"datePublished":"2022-12-31T11:13:21+00:00","dateModified":"2024-01-17T11:53:26+00:00","description":"C\u00f4ng ty h\u00f3a d\u1ea7u Arass\u1ebd l\u00e0 nh\u00e0 cung c\u1ea5p, s\u1ea3n xu\u1ea5t c\u00e1c s\u1ea3n ph\u1ea9m D\u1ea7u m\u1ecf v\u00e0 H\u00f3a d\u1ea7u v\u1edbi ch\u1ea5t l\u01b0\u1ee3ng cao v\u00e0 d\u1ecbch v\u1ee5 t\u1ed1t nh\u1ea5t.","breadcrumb":{"@id":"https:\/\/www.petroacc.com\/vi\/ve-chung-toi#breadcrumb"},"inLanguage":"vi-VN","potentialAction":[{"@type":"ReadAction","target":["https:\/\/www.petroacc.com\/vi\/ve-chung-toi"]}]},{"@type":"BreadcrumbList","@id":"https:\/\/www.petroacc.com\/vi\/ve-chung-toi#breadcrumb","itemListElement":[{"@type":"ListItem","position":1,"name":"Home","item":"https:\/\/www.petroacc.com\/vi"},{"@type":"ListItem","position":2,"name":"V\u1ec0 CH\u00daNG T\u00d4I"}]},{"@type":"WebSite","@id":"https:\/\/www.petroacc.com\/vi#website","url":"https:\/\/www.petroacc.com\/vi","name":"Caustic soda flake | Calcium chloride","description":"Petrochemical Company","publisher":{"@id":"https:\/\/www.petroacc.com\/vi#organization"},"potentialAction":[{"@type":"SearchAction","target":{"@type":"EntryPoint","urlTemplate":"https:\/\/www.petroacc.com\/vi?s={search_term_string}"},"query-input":{"@type":"PropertyValueSpecification","valueRequired":true,"valueName":"search_term_string"}}],"inLanguage":"vi-VN"},{"@type":"Organization","@id":"https:\/\/www.petroacc.com\/vi#organization","name":"Aras Petro Chemical CO","url":"https:\/\/www.petroacc.com\/vi","logo":{"@type":"ImageObject","inLanguage":"vi-VN","@id":"https:\/\/www.petroacc.com\/vi#\/schema\/logo\/image\/","url":"https:\/\/www.petroacc.com\/wp-content\/uploads\/2019\/02\/Petroacc-logo.jpg","contentUrl":"https:\/\/www.petroacc.com\/wp-content\/uploads\/2019\/02\/Petroacc-logo.jpg","width":319,"height":94,"caption":"Aras Petro Chemical CO"},"image":{"@id":"https:\/\/www.petroacc.com\/vi#\/schema\/logo\/image\/"},"sameAs":["https:\/\/www.facebook.com\/groups\/1968368303375878\/"]}]}},"_links":{"self":[{"href":"https:\/\/www.petroacc.com\/vi\/wp-json\/wp\/v2\/pages\/15126","targetHints":{"allow":["GET"]}}],"collection":[{"href":"https:\/\/www.petroacc.com\/vi\/wp-json\/wp\/v2\/pages"}],"about":[{"href":"https:\/\/www.petroacc.com\/vi\/wp-json\/wp\/v2\/types\/page"}],"author":[{"embeddable":true,"href":"https:\/\/www.petroacc.com\/vi\/wp-json\/wp\/v2\/users\/4"}],"replies":[{"embeddable":true,"href":"https:\/\/www.petroacc.com\/vi\/wp-json\/wp\/v2\/comments?post=15126"}],"version-history":[{"count":2,"href":"https:\/\/www.petroacc.com\/vi\/wp-json\/wp\/v2\/pages\/15126\/revisions"}],"predecessor-version":[{"id":15128,"href":"https:\/\/www.petroacc.com\/vi\/wp-json\/wp\/v2\/pages\/15126\/revisions\/15128"}],"wp:attachment":[{"href":"https:\/\/www.petroacc.com\/vi\/wp-json\/wp\/v2\/media?parent=15126"}],"curies":[{"name":"wp","href":"https:\/\/api.w.org\/{rel}","templated":true}]}}