{"id":12598,"date":"2018-04-18T13:56:41","date_gmt":"2018-04-18T09:26:41","guid":{"rendered":"https:\/\/www.petroacc.com?page_id=12598"},"modified":"2018-04-18T14:22:57","modified_gmt":"2018-04-18T09:52:57","slug":"blog","status":"publish","type":"page","link":"https:\/\/www.petroacc.com\/tr\/blog","title":{"rendered":"Blog"},"content":{"rendered":"<div class=\"fusion-fullwidth fullwidth-box hundred-percent-fullwidth non-hundred-percent-height-scrolling\"  style='background-color: #ffffff;background-position: center center;background-repeat: no-repeat;padding-top:0px;padding-right:0px;padding-bottom:0px;padding-left:0px;'><div class=\"fusion-builder-row fusion-row \"><div  class=\"fusion-layout-column fusion_builder_column fusion_builder_column_1_1  fusion-one-full fusion-column-first fusion-column-last fusion-column-no-min-height 1_1\"  style='margin-top:0px;margin-bottom:0px;'>\n\t\t\t\t\t<div class=\"fusion-column-wrapper\" style=\"padding: 0px 0px 0px 0px;background-position:left top;background-repeat:no-repeat;-webkit-background-size:cover;-moz-background-size:cover;-o-background-size:cover;background-size:cover;\"  data-bg-url=\"\">\n\t\t\t\t\t\t<div class=\"fusion-blog-shortcode fusion-blog-shortcode-1 fusion-blog-archive fusion-blog-layout-large fusion-blog-no\"><div class=\"fusion-posts-container fusion-posts-container-no fusion-blog-rollover\" data-pages=\"1\"><article id=\"blog-1-post-15505\" class=\"fusion-post-large post-15505 post type-post status-publish format-standard has-post-thumbnail hentry category-gilsonit tag-gilsonit-nedir\">\n\t<style type=\"text\/css\">\n\t\t\n\t\t\n\t\t\n\t\t\n\t\t\t<\/style>\n\n\n\t\t\t<div class=\"fusion-flexslider flexslider fusion-flexslider-loading fusion-post-slideshow\">\n\t\t<ul class=\"slides\">\n\t\t\t\n\t\t\t\t\t\t\t\t\t\t\t\t\t\t\t\t\t\t<li>\n\n<div  class=\"fusion-image-wrapper\" aria-haspopup=\"true\">\n\t\n\t\n\t\t\n\t\t\t\t\t<img loading=\"lazy\" decoding=\"async\" width=\"541\" height=\"542\" src=\"https:\/\/www.petroacc.com\/wp-content\/uploads\/2022\/12\/What-is-Gilsonite.jpg\" class=\"attachment-full size-full wp-post-image\" alt=\"What is Gilsonite\" srcset=\"https:\/\/www.petroacc.com\/wp-content\/uploads\/2022\/12\/What-is-Gilsonite-200x200.jpg 200w, https:\/\/www.petroacc.com\/wp-content\/uploads\/2022\/12\/What-is-Gilsonite-400x401.jpg 400w, https:\/\/www.petroacc.com\/wp-content\/uploads\/2022\/12\/What-is-Gilsonite.jpg 541w\" sizes=\"auto, (max-width: 800px) 100vw, 541px\" \/>\n\t\n\n\t\t<div class=\"fusion-rollover\">\n\t<div class=\"fusion-rollover-content\">\n\n\t\t\t\t\t\t\t\t\t\t\t\t\t\t<a class=\"fusion-rollover-link\" href=\"https:\/\/www.petroacc.com\/tr\/gilsonit-nedir\">gilsonit nedir<\/a>\n\t\t\t\n\t\t\t\t\t\t\t\t\n\t\t\t\t\n\t\t\t\t\t\t\t\t\t\t\t\t<h4 class=\"fusion-rollover-title\">\n\t\t\t\t\t<a href=\"https:\/\/www.petroacc.com\/tr\/gilsonit-nedir\">\n\t\t\t\t\t\tgilsonit nedir\t\t\t\t\t<\/a>\n\t\t\t\t<\/h4>\n\t\t\t\n\t\t\t\t\t\t\t\t\t\t\t\t\t\t<div class=\"fusion-rollover-categories\"><a href=\"https:\/\/www.petroacc.com\/tr\/category\/gilsonit\" rel=\"tag\">gilsonit<\/a><\/div>\t\t\t\t\t\n\t\t\n\t\t\t\t<a class=\"fusion-link-wrapper\" href=\"https:\/\/www.petroacc.com\/tr\/gilsonit-nedir\" aria-label=\"gilsonit nedir\"><\/a>\n\t<\/div>\n<\/div>\n\n\t\n<\/div>\n<\/li>\n\t\t\t\n\t\t\t\n\t\t\t\t\t\t\t\t\t\t\t\t\t\t\t\t\t\t\t\t\t\t\t\t\t\t\t\t\t\t\t\t\t\t\t\t\t\t\t\t\t\t\t\t\t\t\t\t\t\t\t\t\t\t\t\t\t\t\t\t\t\t\t\t\t\t\t\t<\/ul>\n\t<\/div>\n<div class=\"fusion-post-content post-content\"><h2 class=\"blog-shortcode-post-title entry-title\"><a href=\"https:\/\/www.petroacc.com\/tr\/gilsonit-nedir\">gilsonit nedir<\/a><\/h2><div class=\"fusion-post-content-container\"><p> gilsonit veya mineral bit\u00fcm siyah, sert, k\u0131r\u0131lgan ve parlak y\u00fczeyli bir malzemedir. Asl\u0131nda yer alt\u0131 katmanlar\u0131 olaylar\u0131 ve co\u011frafi ko\u015fullar nedeniyle kat\u0131 bir hidrokarbondur. \u0131s\u0131 ve di\u011fer \u00e7e\u015fitli fakt\u00f6rlerin etkisi alt\u0131nda, gazlar ve buharlar [...]<\/p><\/div><\/div><div class=\"fusion-clearfix\"><\/div><div class=\"fusion-meta-info\"><div class=\"fusion-alignleft\">\n\t\t\t\n\t\t\t\n\t\t\t\n\t\t\n\t\t\t\n\t\t\t\n\t\t\t\t\t\t\t<span class=\"updated\" style=\"display:none;\">\n\t\t\t\t\t2023-02-10T13:35:14+04:00\t\t\t\t<\/span>\n\t\t\t\n\t\t<span>10 \u015eubat 2023<\/span><span class=\"fusion-inline-sep\">|<\/span>Categories: <a href=\"https:\/\/www.petroacc.com\/tr\/category\/gilsonit\" rel=\"category tag\">gilsonit<\/a><span class=\"fusion-inline-sep\">|<\/span><span class=\"meta-tags\">Tags: <a href=\"https:\/\/www.petroacc.com\/tr\/tag\/gilsonit-nedir\" rel=\"tag\">gilsonit nedir<\/a><\/span><span class=\"fusion-inline-sep\">|<\/span><span class=\"fusion-comments\"><a href=\"https:\/\/www.petroacc.com\/tr\/gilsonit-nedir#respond\">0 Comments<\/a><\/span><\/div><div class=\"fusion-alignright\"><a class=\"fusion-read-more\" href=\"https:\/\/www.petroacc.com\/tr\/gilsonit-nedir\">Read More<\/a><\/div><\/div><\/article>\n<article id=\"blog-1-post-12566\" class=\"fusion-post-large post-12566 post type-post status-publish format-standard has-post-thumbnail hentry category-kategorisiz\">\n\t<style type=\"text\/css\">\n\t\t\n\t\t\n\t\t\n\t\t\n\t\t\t<\/style>\n\n\n\t\t\t<div class=\"fusion-flexslider flexslider fusion-flexslider-loading fusion-post-slideshow\">\n\t\t<ul class=\"slides\">\n\t\t\t\n\t\t\t\t\t\t\t\t\t\t\t\t\t\t\t\t\t\t<li>\n\n<div  class=\"fusion-image-wrapper\" aria-haspopup=\"true\">\n\t\n\t\n\t\t\n\t\t\t\t\t<img loading=\"lazy\" decoding=\"async\" width=\"600\" height=\"400\" src=\"https:\/\/www.petroacc.com\/wp-content\/uploads\/2018\/04\/Global-Caustic-Soda-Market.jpg\" class=\"attachment-full size-full wp-post-image\" alt=\"\" srcset=\"https:\/\/www.petroacc.com\/wp-content\/uploads\/2018\/04\/Global-Caustic-Soda-Market-200x133.jpg 200w, https:\/\/www.petroacc.com\/wp-content\/uploads\/2018\/04\/Global-Caustic-Soda-Market-400x267.jpg 400w, https:\/\/www.petroacc.com\/wp-content\/uploads\/2018\/04\/Global-Caustic-Soda-Market.jpg 600w\" sizes=\"auto, (max-width: 800px) 100vw, 600px\" \/>\n\t\n\n\t\t<div class=\"fusion-rollover\">\n\t<div class=\"fusion-rollover-content\">\n\n\t\t\t\t\t\t\t\t\t\t\t\t\t\t<a class=\"fusion-rollover-link\" href=\"https:\/\/www.petroacc.com\/tr\/kostik-soda-pazari\">Kostik Soda Pazar\u0131<\/a>\n\t\t\t\n\t\t\t\t\t\t\t\t\n\t\t\t\t\n\t\t\t\t\t\t\t\t\t\t\t\t<h4 class=\"fusion-rollover-title\">\n\t\t\t\t\t<a href=\"https:\/\/www.petroacc.com\/tr\/kostik-soda-pazari\">\n\t\t\t\t\t\tKostik Soda Pazar\u0131\t\t\t\t\t<\/a>\n\t\t\t\t<\/h4>\n\t\t\t\n\t\t\t\t\t\t\t\t\t\t\t\t\t\t<div class=\"fusion-rollover-categories\"><a href=\"https:\/\/www.petroacc.com\/tr\/category\/kategorisiz\" rel=\"tag\">Kategorisiz<\/a><\/div>\t\t\t\t\t\n\t\t\n\t\t\t\t<a class=\"fusion-link-wrapper\" href=\"https:\/\/www.petroacc.com\/tr\/kostik-soda-pazari\" aria-label=\"Kostik Soda Pazar\u0131\"><\/a>\n\t<\/div>\n<\/div>\n\n\t\n<\/div>\n<\/li>\n\t\t\t\n\t\t\t\n\t\t\t\t\t\t\t\t\t\t\t\t\t\t\t\t\t\t\t\t\t\t\t\t\t\t\t\t\t\t\t\t\t\t\t\t\t\t\t\t\t\t\t\t\t\t\t\t\t\t\t\t\t\t\t\t\t\t\t\t\t\t\t\t\t\t\t\t<\/ul>\n\t<\/div>\n<div class=\"fusion-post-content post-content\"><h2 class=\"blog-shortcode-post-title entry-title\"><a href=\"https:\/\/www.petroacc.com\/tr\/kostik-soda-pazari\">Kostik Soda Pazar\u0131<\/a><\/h2><div class=\"fusion-post-content-container\"><p> K\u00fcresel Kostik Soda Pazar\u0131n\u0131n 2025 y\u0131l\u0131na kadar XX milyar ABD dolar\u0131na ula\u015faca\u011f\u0131 \u00f6ng\u00f6r\u00fclmektedir. Kostik Soda, elektrolitik i\u015flemle \u00fcretilen inorganik bir bile\u015fik\u00a0g\u00fc\u00e7l\u00fc alkali \u00f6zelliklere sahiptir.\u00a0NAOH kimyasal bir form\u00fcle sahiptir\u00a0ve 40.00 molek\u00fcl a\u011f\u0131rl\u0131\u011f\u0131. Kostik Soda Pazardaki [...]<\/p><\/div><\/div><div class=\"fusion-clearfix\"><\/div><div class=\"fusion-meta-info\"><div class=\"fusion-alignleft\">\n\t\t\t\n\t\t\t\n\t\t\t\n\t\t\n\t\t\t\n\t\t\t\n\t\t\t\t\t\t\t<span class=\"updated\" style=\"display:none;\">\n\t\t\t\t\t2022-04-05T12:30:32+04:00\t\t\t\t<\/span>\n\t\t\t\n\t\t<span>11 \u015eubat 2019<\/span><span class=\"fusion-inline-sep\">|<\/span>Categories: <a href=\"https:\/\/www.petroacc.com\/tr\/category\/kategorisiz\" rel=\"category tag\">Kategorisiz<\/a><span class=\"fusion-inline-sep\">|<\/span><span class=\"fusion-comments\"><a href=\"https:\/\/www.petroacc.com\/tr\/kostik-soda-pazari#respond\">0 Comments<\/a><\/span><\/div><div class=\"fusion-alignright\"><a class=\"fusion-read-more\" href=\"https:\/\/www.petroacc.com\/tr\/kostik-soda-pazari\">Read More<\/a><\/div><\/div><\/article>\n<article id=\"blog-1-post-12564\" class=\"fusion-post-large post-12564 post type-post status-publish format-standard has-post-thumbnail hentry category-kategorisiz\">\n\t<style type=\"text\/css\">\n\t\t\n\t\t\n\t\t\n\t\t\n\t\t\t<\/style>\n\n\n\t\t\t<div class=\"fusion-flexslider flexslider fusion-flexslider-loading fusion-post-slideshow\">\n\t\t<ul class=\"slides\">\n\t\t\t\n\t\t\t\t\t\t\t\t\t\t\t\t\t\t\t\t\t\t<li>\n\n<div  class=\"fusion-image-wrapper\" aria-haspopup=\"true\">\n\t\n\t\n\t\t\n\t\t\t\t\t<img loading=\"lazy\" decoding=\"async\" width=\"480\" height=\"320\" src=\"https:\/\/www.petroacc.com\/wp-content\/uploads\/2012\/07\/FeatureBox-ChemistryChemicalSynthesis.jpg\" class=\"attachment-full size-full wp-post-image\" alt=\"\" srcset=\"https:\/\/www.petroacc.com\/wp-content\/uploads\/2012\/07\/FeatureBox-ChemistryChemicalSynthesis-200x133.jpg 200w, https:\/\/www.petroacc.com\/wp-content\/uploads\/2012\/07\/FeatureBox-ChemistryChemicalSynthesis-400x267.jpg 400w, https:\/\/www.petroacc.com\/wp-content\/uploads\/2012\/07\/FeatureBox-ChemistryChemicalSynthesis.jpg 480w\" sizes=\"auto, (max-width: 800px) 100vw, 480px\" \/>\n\t\n\n\t\t<div class=\"fusion-rollover\">\n\t<div class=\"fusion-rollover-content\">\n\n\t\t\t\t\t\t\t\t\t\t\t\t\t\t<a class=\"fusion-rollover-link\" href=\"https:\/\/www.petroacc.com\/tr\/kostik-soda-fiyatlar\">KOSTIK SODA F\u0130YATLAR<\/a>\n\t\t\t\n\t\t\t\t\t\t\t\t\n\t\t\t\t\n\t\t\t\t\t\t\t\t\t\t\t\t<h4 class=\"fusion-rollover-title\">\n\t\t\t\t\t<a href=\"https:\/\/www.petroacc.com\/tr\/kostik-soda-fiyatlar\">\n\t\t\t\t\t\tKOSTIK SODA F\u0130YATLAR\t\t\t\t\t<\/a>\n\t\t\t\t<\/h4>\n\t\t\t\n\t\t\t\t\t\t\t\t\t\t\t\t\t\t<div class=\"fusion-rollover-categories\"><a href=\"https:\/\/www.petroacc.com\/tr\/category\/kategorisiz\" rel=\"tag\">Kategorisiz<\/a><\/div>\t\t\t\t\t\n\t\t\n\t\t\t\t<a class=\"fusion-link-wrapper\" href=\"https:\/\/www.petroacc.com\/tr\/kostik-soda-fiyatlar\" aria-label=\"KOSTIK SODA F\u0130YATLAR\"><\/a>\n\t<\/div>\n<\/div>\n\n\t\n<\/div>\n<\/li>\n\t\t\t\n\t\t\t\n\t\t\t\t\t\t\t\t\t\t\t\t\t\t\t\t\t\t\t\t\t\t\t\t\t\t\t\t\t\t\t\t\t\t\t\t\t\t\t\t\t\t\t\t\t\t\t\t\t\t\t\t\t\t\t\t\t\t\t\t\t\t\t\t\t\t\t\t<\/ul>\n\t<\/div>\n<div class=\"fusion-post-content post-content\"><h2 class=\"blog-shortcode-post-title entry-title\"><a href=\"https:\/\/www.petroacc.com\/tr\/kostik-soda-fiyatlar\">KOSTIK SODA F\u0130YATLAR<\/a><\/h2><div class=\"fusion-post-content-container\"><p> Kostik Soda Arzdaki de\u011fi\u015fiklikler k\u00fcresel olarak ger\u00e7ekle\u015fiyor ve 2018'nin sonunda ticari ak\u0131\u015flar\u0131 etkiliyordu.\u00a0Aral\u0131k ay\u0131n\u0131n ikinci haftas\u0131nda,\u00a0Avrupa yasaklar\u0131 c\u0131va h\u00fccre \u00fcretim y\u00f6ntemlerine kar\u015f\u0131 y\u00fcr\u00fcrl\u00fc\u011fe girdi\u00a0Baz\u0131 tesisler yeni \u00fcretim y\u00f6ntemlerine d\u00f6n\u00fc\u015f\u00fcm\u00fcn ortas\u0131ndayken,\u00a0tahmini 1m kuru metrik ton [...]<\/p><\/div><\/div><div class=\"fusion-clearfix\"><\/div><div class=\"fusion-meta-info\"><div class=\"fusion-alignleft\">\n\t\t\t\n\t\t\t\n\t\t\t\n\t\t\n\t\t\t\n\t\t\t\n\t\t\t\t\t\t\t<span class=\"updated\" style=\"display:none;\">\n\t\t\t\t\t2022-04-05T12:27:01+04:00\t\t\t\t<\/span>\n\t\t\t\n\t\t<span>11 \u015eubat 2019<\/span><span class=\"fusion-inline-sep\">|<\/span>Categories: <a href=\"https:\/\/www.petroacc.com\/tr\/category\/kategorisiz\" rel=\"category tag\">Kategorisiz<\/a><span class=\"fusion-inline-sep\">|<\/span><span class=\"fusion-comments\"><a href=\"https:\/\/www.petroacc.com\/tr\/kostik-soda-fiyatlar#respond\">0 Comments<\/a><\/span><\/div><div class=\"fusion-alignright\"><a class=\"fusion-read-more\" href=\"https:\/\/www.petroacc.com\/tr\/kostik-soda-fiyatlar\">Read More<\/a><\/div><\/div><\/article>\n<article id=\"blog-1-post-12562\" class=\"fusion-post-large post-12562 post type-post status-publish format-quote has-post-thumbnail hentry category-kategorisiz post_format-post-format-quote\">\n\t<style type=\"text\/css\">\n\t\t\n\t\t\n\t\t\n\t\t\n\t\t\t<\/style>\n\n\n\t\t\t<div class=\"fusion-flexslider flexslider fusion-flexslider-loading fusion-post-slideshow\">\n\t\t<ul class=\"slides\">\n\t\t\t\n\t\t\t\t\t\t\t\t\t\t\t\t\t\t\t\t\t\t<li>\n\n<div  class=\"fusion-image-wrapper\" aria-haspopup=\"true\">\n\t\n\t\n\t\t\n\t\t\t\t\t<img loading=\"lazy\" decoding=\"async\" width=\"960\" height=\"640\" src=\"https:\/\/www.petroacc.com\/wp-content\/uploads\/2018\/02\/shutterstock_chemistry_suwit_ngaokaew.jpg\" class=\"attachment-full size-full wp-post-image\" alt=\"Caustic soda flakes uses\" srcset=\"https:\/\/www.petroacc.com\/wp-content\/uploads\/2018\/02\/shutterstock_chemistry_suwit_ngaokaew-200x133.jpg 200w, https:\/\/www.petroacc.com\/wp-content\/uploads\/2018\/02\/shutterstock_chemistry_suwit_ngaokaew-400x267.jpg 400w, https:\/\/www.petroacc.com\/wp-content\/uploads\/2018\/02\/shutterstock_chemistry_suwit_ngaokaew-600x400.jpg 600w, https:\/\/www.petroacc.com\/wp-content\/uploads\/2018\/02\/shutterstock_chemistry_suwit_ngaokaew-800x533.jpg 800w, https:\/\/www.petroacc.com\/wp-content\/uploads\/2018\/02\/shutterstock_chemistry_suwit_ngaokaew.jpg 960w\" sizes=\"auto, (max-width: 800px) 100vw, 960px\" \/>\n\t\n\n\t\t<div class=\"fusion-rollover\">\n\t<div class=\"fusion-rollover-content\">\n\n\t\t\t\t\t\t\t\t\t\t\t\t\t\t<a class=\"fusion-rollover-link\" href=\"https:\/\/www.petroacc.com\/tr\/kostik-soda-kullanimilari\">Kostik Soda Kullan\u0131m\u0131lari<\/a>\n\t\t\t\n\t\t\t\t\t\t\t\t\n\t\t\t\t\n\t\t\t\t\t\t\t\t\t\t\t\t<h4 class=\"fusion-rollover-title\">\n\t\t\t\t\t<a href=\"https:\/\/www.petroacc.com\/tr\/kostik-soda-kullanimilari\">\n\t\t\t\t\t\tKostik Soda Kullan\u0131m\u0131lari\t\t\t\t\t<\/a>\n\t\t\t\t<\/h4>\n\t\t\t\n\t\t\t\t\t\t\t\t\t\t\t\t\t\t<div class=\"fusion-rollover-categories\"><a href=\"https:\/\/www.petroacc.com\/tr\/category\/kategorisiz\" rel=\"tag\">Kategorisiz<\/a><\/div>\t\t\t\t\t\n\t\t\n\t\t\t\t<a class=\"fusion-link-wrapper\" href=\"https:\/\/www.petroacc.com\/tr\/kostik-soda-kullanimilari\" aria-label=\"Kostik Soda Kullan\u0131m\u0131lari\"><\/a>\n\t<\/div>\n<\/div>\n\n\t\n<\/div>\n<\/li>\n\t\t\t\n\t\t\t\n\t\t\t\t\t\t\t\t\t\t\t\t\t\t\t\t\t\t\t\t\t\t\t\t\t\t\t\t\t\t\t\t\t\t\t\t\t\t\t\t\t\t\t\t\t\t\t\t\t\t\t\t\t\t\t\t\t\t\t\t\t\t\t\t\t\t\t\t<\/ul>\n\t<\/div>\n<div class=\"fusion-post-content post-content\"><h2 class=\"blog-shortcode-post-title entry-title\"><a href=\"https:\/\/www.petroacc.com\/tr\/kostik-soda-kullanimilari\">Kostik Soda Kullan\u0131m\u0131lari<\/a><\/h2><div class=\"fusion-post-content-container\"><p> Kostik Soda, end\u00fcstrideki en yayg\u0131n kullan\u0131lan kimyasallardan biridir.\u00a0Farkl\u0131 end\u00fcstrilerdeki geni\u015f bir uygulama yelpazesi ile g\u00fc\u00e7l\u00fc bir \u00fcst\u00fcr. Kostik Soda da en \u00e7ok kullan\u0131lanlar al\u00fcminyum end\u00fcstrisidir,\u00a0ka\u011f\u0131t hamuru ve ka\u011f\u0131t ve kimya end\u00fcstrisi.\u00a0Ba\u015fl\u0131ca uygulamalar su ar\u0131tma [...]<\/p><\/div><\/div><div class=\"fusion-clearfix\"><\/div><div class=\"fusion-meta-info\"><div class=\"fusion-alignleft\">\n\t\t\t\n\t\t\t\n\t\t\t\n\t\t\n\t\t\t\n\t\t\t\n\t\t\t\t\t\t\t<span class=\"updated\" style=\"display:none;\">\n\t\t\t\t\t2022-04-05T12:24:55+04:00\t\t\t\t<\/span>\n\t\t\t\n\t\t<span>11 \u015eubat 2019<\/span><span class=\"fusion-inline-sep\">|<\/span>Categories: <a href=\"https:\/\/www.petroacc.com\/tr\/category\/kategorisiz\" rel=\"category tag\">Kategorisiz<\/a><span class=\"fusion-inline-sep\">|<\/span><span class=\"fusion-comments\"><a href=\"https:\/\/www.petroacc.com\/tr\/kostik-soda-kullanimilari#respond\">0 Comments<\/a><\/span><\/div><div class=\"fusion-alignright\"><a class=\"fusion-read-more\" href=\"https:\/\/www.petroacc.com\/tr\/kostik-soda-kullanimilari\">Read More<\/a><\/div><\/div><\/article>\n<\/div><\/div><div class=\"fusion-clearfix\"><\/div>\n\n\t\t\t\t\t<\/div>\n\t\t\t\t<\/div><\/div><\/div>\n\n\n<div class=\"kk-star-ratings kksr-auto kksr-align-left kksr-valign-bottom\"\n    data-payload='{&quot;align&quot;:&quot;left&quot;,&quot;id&quot;:&quot;12562&quot;,&quot;slug&quot;:&quot;default&quot;,&quot;valign&quot;:&quot;bottom&quot;,&quot;ignore&quot;:&quot;&quot;,&quot;reference&quot;:&quot;auto&quot;,&quot;class&quot;:&quot;&quot;,&quot;count&quot;:&quot;2&quot;,&quot;legendonly&quot;:&quot;&quot;,&quot;readonly&quot;:&quot;&quot;,&quot;score&quot;:&quot;5&quot;,&quot;starsonly&quot;:&quot;&quot;,&quot;best&quot;:&quot;5&quot;,&quot;gap&quot;:&quot;0&quot;,&quot;greet&quot;:&quot;&quot;,&quot;legend&quot;:&quot;5\\\/5 - (2 votes)&quot;,&quot;size&quot;:&quot;16&quot;,&quot;title&quot;:&quot;Kostik Soda Kullan\u0131m\u0131lari&quot;,&quot;width&quot;:&quot;80&quot;,&quot;_legend&quot;:&quot;{score}\\\/{best} - ({count} {votes})&quot;,&quot;font_factor&quot;:&quot;1.25&quot;}'>\n            \n<div class=\"kksr-stars\">\n    \n<div class=\"kksr-stars-inactive\">\n            <div class=\"kksr-star\" data-star=\"1\" style=\"padding-right: 0px\">\n            \n\n<div class=\"kksr-icon\" style=\"width: 16px; height: 16px;\"><\/div>\n        <\/div>\n            <div class=\"kksr-star\" data-star=\"2\" style=\"padding-right: 0px\">\n            \n\n<div class=\"kksr-icon\" style=\"width: 16px; height: 16px;\"><\/div>\n        <\/div>\n            <div class=\"kksr-star\" data-star=\"3\" style=\"padding-right: 0px\">\n            \n\n<div class=\"kksr-icon\" style=\"width: 16px; height: 16px;\"><\/div>\n        <\/div>\n            <div class=\"kksr-star\" data-star=\"4\" style=\"padding-right: 0px\">\n            \n\n<div class=\"kksr-icon\" style=\"width: 16px; height: 16px;\"><\/div>\n        <\/div>\n            <div class=\"kksr-star\" data-star=\"5\" style=\"padding-right: 0px\">\n            \n\n<div class=\"kksr-icon\" style=\"width: 16px; height: 16px;\"><\/div>\n        <\/div>\n    <\/div>\n    \n<div class=\"kksr-stars-active\" style=\"width: 80px;\">\n            <div class=\"kksr-star\" style=\"padding-right: 0px\">\n            \n\n<div class=\"kksr-icon\" style=\"width: 16px; height: 16px;\"><\/div>\n        <\/div>\n            <div class=\"kksr-star\" style=\"padding-right: 0px\">\n            \n\n<div class=\"kksr-icon\" style=\"width: 16px; height: 16px;\"><\/div>\n        <\/div>\n            <div class=\"kksr-star\" style=\"padding-right: 0px\">\n            \n\n<div class=\"kksr-icon\" style=\"width: 16px; height: 16px;\"><\/div>\n        <\/div>\n            <div class=\"kksr-star\" style=\"padding-right: 0px\">\n            \n\n<div class=\"kksr-icon\" style=\"width: 16px; height: 16px;\"><\/div>\n        <\/div>\n            <div class=\"kksr-star\" style=\"padding-right: 0px\">\n            \n\n<div class=\"kksr-icon\" style=\"width: 16px; height: 16px;\"><\/div>\n        <\/div>\n    <\/div>\n<\/div>\n                \n\n<div class=\"kksr-legend\" style=\"font-size: 12.8px;\">\n            5\/5 - (2 votes)    <\/div>\n    <\/div>\n","protected":false},"excerpt":{"rendered":"","protected":false},"author":4,"featured_media":0,"parent":0,"menu_order":0,"comment_status":"open","ping_status":"closed","template":"","meta":{"_joinchat":[],"footnotes":""},"class_list":["post-12598","page","type-page","status-publish","hentry"],"yoast_head":"<!-- This site is optimized with the Yoast SEO plugin v26.8 - https:\/\/yoast.com\/product\/yoast-seo-wordpress\/ -->\n<title>Blog | Aras Petrochemical Co.<\/title>\n<meta name=\"robots\" content=\"index, follow, max-snippet:-1, max-image-preview:large, max-video-preview:-1\" \/>\n<link rel=\"canonical\" href=\"https:\/\/www.petroacc.com\/tr\/blog\" \/>\n<meta property=\"og:locale\" content=\"tr_TR\" \/>\n<meta property=\"og:type\" content=\"article\" \/>\n<meta property=\"og:title\" content=\"Blog | Aras Petrochemical Co.\" \/>\n<meta property=\"og:url\" content=\"https:\/\/www.petroacc.com\/tr\/blog\" \/>\n<meta property=\"og:site_name\" content=\"Aras Petrochemical Co.\" \/>\n<meta property=\"article:publisher\" content=\"https:\/\/www.facebook.com\/groups\/1968368303375878\/\" \/>\n<meta property=\"article:modified_time\" content=\"2018-04-18T09:52:57+00:00\" \/>\n<meta name=\"twitter:card\" content=\"summary_large_image\" \/>\n<meta name=\"twitter:label1\" content=\"Tahmini okuma s\u00fcresi\" \/>\n\t<meta name=\"twitter:data1\" content=\"1 dakika\" \/>\n<script type=\"application\/ld+json\" class=\"yoast-schema-graph\">{\"@context\":\"https:\/\/schema.org\",\"@graph\":[{\"@type\":\"WebPage\",\"@id\":\"https:\/\/www.petroacc.com\/tr\/blog\",\"url\":\"https:\/\/www.petroacc.com\/tr\/blog\",\"name\":\"Blog | Aras Petrochemical Co.\",\"isPartOf\":{\"@id\":\"https:\/\/www.petroacc.com\/tr#website\"},\"datePublished\":\"2018-04-18T09:26:41+00:00\",\"dateModified\":\"2018-04-18T09:52:57+00:00\",\"breadcrumb\":{\"@id\":\"https:\/\/www.petroacc.com\/tr\/blog#breadcrumb\"},\"inLanguage\":\"tr\",\"potentialAction\":[{\"@type\":\"ReadAction\",\"target\":[\"https:\/\/www.petroacc.com\/tr\/blog\"]}]},{\"@type\":\"BreadcrumbList\",\"@id\":\"https:\/\/www.petroacc.com\/tr\/blog#breadcrumb\",\"itemListElement\":[{\"@type\":\"ListItem\",\"position\":1,\"name\":\"Home\",\"item\":\"https:\/\/www.petroacc.com\/tr\"},{\"@type\":\"ListItem\",\"position\":2,\"name\":\"Blog\"}]},{\"@type\":\"WebSite\",\"@id\":\"https:\/\/www.petroacc.com\/tr#website\",\"url\":\"https:\/\/www.petroacc.com\/tr\",\"name\":\"Caustic soda flake | Calcium chloride\",\"description\":\"Petrochemical Company\",\"publisher\":{\"@id\":\"https:\/\/www.petroacc.com\/tr#organization\"},\"potentialAction\":[{\"@type\":\"SearchAction\",\"target\":{\"@type\":\"EntryPoint\",\"urlTemplate\":\"https:\/\/www.petroacc.com\/tr?s={search_term_string}\"},\"query-input\":{\"@type\":\"PropertyValueSpecification\",\"valueRequired\":true,\"valueName\":\"search_term_string\"}}],\"inLanguage\":\"tr\"},{\"@type\":\"Organization\",\"@id\":\"https:\/\/www.petroacc.com\/tr#organization\",\"name\":\"Aras Petro Chemical CO\",\"url\":\"https:\/\/www.petroacc.com\/tr\",\"logo\":{\"@type\":\"ImageObject\",\"inLanguage\":\"tr\",\"@id\":\"https:\/\/www.petroacc.com\/tr#\/schema\/logo\/image\/\",\"url\":\"https:\/\/www.petroacc.com\/wp-content\/uploads\/2019\/02\/Petroacc-logo.jpg\",\"contentUrl\":\"https:\/\/www.petroacc.com\/wp-content\/uploads\/2019\/02\/Petroacc-logo.jpg\",\"width\":319,\"height\":94,\"caption\":\"Aras Petro Chemical CO\"},\"image\":{\"@id\":\"https:\/\/www.petroacc.com\/tr#\/schema\/logo\/image\/\"},\"sameAs\":[\"https:\/\/www.facebook.com\/groups\/1968368303375878\/\"]}]}<\/script>\n<!-- \/ Yoast SEO plugin. -->","yoast_head_json":{"title":"Blog | Aras Petrochemical Co.","robots":{"index":"index","follow":"follow","max-snippet":"max-snippet:-1","max-image-preview":"max-image-preview:large","max-video-preview":"max-video-preview:-1"},"canonical":"https:\/\/www.petroacc.com\/tr\/blog","og_locale":"tr_TR","og_type":"article","og_title":"Blog | Aras Petrochemical Co.","og_url":"https:\/\/www.petroacc.com\/tr\/blog","og_site_name":"Aras Petrochemical Co.","article_publisher":"https:\/\/www.facebook.com\/groups\/1968368303375878\/","article_modified_time":"2018-04-18T09:52:57+00:00","twitter_card":"summary_large_image","twitter_misc":{"Tahmini okuma s\u00fcresi":"1 dakika"},"schema":{"@context":"https:\/\/schema.org","@graph":[{"@type":"WebPage","@id":"https:\/\/www.petroacc.com\/tr\/blog","url":"https:\/\/www.petroacc.com\/tr\/blog","name":"Blog | Aras Petrochemical Co.","isPartOf":{"@id":"https:\/\/www.petroacc.com\/tr#website"},"datePublished":"2018-04-18T09:26:41+00:00","dateModified":"2018-04-18T09:52:57+00:00","breadcrumb":{"@id":"https:\/\/www.petroacc.com\/tr\/blog#breadcrumb"},"inLanguage":"tr","potentialAction":[{"@type":"ReadAction","target":["https:\/\/www.petroacc.com\/tr\/blog"]}]},{"@type":"BreadcrumbList","@id":"https:\/\/www.petroacc.com\/tr\/blog#breadcrumb","itemListElement":[{"@type":"ListItem","position":1,"name":"Home","item":"https:\/\/www.petroacc.com\/tr"},{"@type":"ListItem","position":2,"name":"Blog"}]},{"@type":"WebSite","@id":"https:\/\/www.petroacc.com\/tr#website","url":"https:\/\/www.petroacc.com\/tr","name":"Caustic soda flake | Calcium chloride","description":"Petrochemical Company","publisher":{"@id":"https:\/\/www.petroacc.com\/tr#organization"},"potentialAction":[{"@type":"SearchAction","target":{"@type":"EntryPoint","urlTemplate":"https:\/\/www.petroacc.com\/tr?s={search_term_string}"},"query-input":{"@type":"PropertyValueSpecification","valueRequired":true,"valueName":"search_term_string"}}],"inLanguage":"tr"},{"@type":"Organization","@id":"https:\/\/www.petroacc.com\/tr#organization","name":"Aras Petro Chemical CO","url":"https:\/\/www.petroacc.com\/tr","logo":{"@type":"ImageObject","inLanguage":"tr","@id":"https:\/\/www.petroacc.com\/tr#\/schema\/logo\/image\/","url":"https:\/\/www.petroacc.com\/wp-content\/uploads\/2019\/02\/Petroacc-logo.jpg","contentUrl":"https:\/\/www.petroacc.com\/wp-content\/uploads\/2019\/02\/Petroacc-logo.jpg","width":319,"height":94,"caption":"Aras Petro Chemical CO"},"image":{"@id":"https:\/\/www.petroacc.com\/tr#\/schema\/logo\/image\/"},"sameAs":["https:\/\/www.facebook.com\/groups\/1968368303375878\/"]}]}},"_links":{"self":[{"href":"https:\/\/www.petroacc.com\/tr\/wp-json\/wp\/v2\/pages\/12598","targetHints":{"allow":["GET"]}}],"collection":[{"href":"https:\/\/www.petroacc.com\/tr\/wp-json\/wp\/v2\/pages"}],"about":[{"href":"https:\/\/www.petroacc.com\/tr\/wp-json\/wp\/v2\/types\/page"}],"author":[{"embeddable":true,"href":"https:\/\/www.petroacc.com\/tr\/wp-json\/wp\/v2\/users\/4"}],"replies":[{"embeddable":true,"href":"https:\/\/www.petroacc.com\/tr\/wp-json\/wp\/v2\/comments?post=12598"}],"version-history":[{"count":2,"href":"https:\/\/www.petroacc.com\/tr\/wp-json\/wp\/v2\/pages\/12598\/revisions"}],"predecessor-version":[{"id":15966,"href":"https:\/\/www.petroacc.com\/tr\/wp-json\/wp\/v2\/pages\/12598\/revisions\/15966"}],"wp:attachment":[{"href":"https:\/\/www.petroacc.com\/tr\/wp-json\/wp\/v2\/media?parent=12598"}],"curies":[{"name":"wp","href":"https:\/\/api.w.org\/{rel}","templated":true}]}}