{"id":12597,"date":"2018-04-18T13:55:55","date_gmt":"2018-04-18T09:25:55","guid":{"rendered":"https:\/\/www.petroacc.com?page_id=12597"},"modified":"2024-01-17T16:32:24","modified_gmt":"2024-01-17T13:02:24","slug":"hakkinda","status":"publish","type":"page","link":"https:\/\/www.petroacc.com\/tr\/hakkinda","title":{"rendered":"Hakk\u0131nda"},"content":{"rendered":"<div class=\"fusion-fullwidth fullwidth-box nonhundred-percent-fullwidth non-hundred-percent-height-scrolling\"  style='background-color: #ffffff;background-position: center center;background-repeat: no-repeat;padding-top:0px;padding-right:0px;padding-bottom:0px;padding-left:0px;'><div class=\"fusion-builder-row fusion-row \"><div  class=\"fusion-layout-column fusion_builder_column fusion_builder_column_1_2  fusion-one-half fusion-column-first 1_2\"  style='margin-top:0px;margin-bottom:20px;width:48%; margin-right: 4%;'>\n\t\t\t\t\t<div class=\"fusion-column-wrapper\" style=\"padding: 0px 0px 0px 0px;background-position:left top;background-repeat:no-repeat;-webkit-background-size:cover;-moz-background-size:cover;-o-background-size:cover;background-size:cover;\"  data-bg-url=\"\">\n\t\t\t\t\t\t<div class=\"fusion-title title fusion-title-size-two\" style=\"margin-top:0px;margin-bottom:20px;\"><h2 class=\"title-heading-left\">Petro-Acc&#8217;a Ho\u015f Geldiniz<\/h2><div class=\"title-sep-container\"><div class=\"title-sep sep-single\" style=\"border-color:#e0dede;\"><\/div><\/div><\/div><div class=\"fusion-text\"><p>Aras Petrokimya \u015eirketi (PETRO ACC), \u00e7ok say\u0131da imalat end\u00fcstrisine en iyi teknik hizmeti ve kaliteli petrokimya \u00fcr\u00fcnlerini sa\u011flayan, geni\u015f bir Petrokimya \u00fcr\u00fcnleri yelpazesine sahip bir Petrokimya \u00fcreticisi olacakt\u0131r.<\/p>\n<p>Genel merkezi Asya&#8217;da bulunan PETRO ACC, Uzak Do\u011fu, Avrupa, Orta Do\u011fu ve Afrika&#8217;y\u0131 kapsamaktad\u0131r.<\/p>\n<p>PETRO ACC \u015eirketi Sorumlu Da\u011f\u0131t\u0131m Program\u0131na aktif olarak dahil olacakt\u0131r. M\u00fc\u015fterilerimize, s\u00fcrekli olarak onlar\u0131n spesifikasyonlar\u0131n\u0131 kar\u015f\u0131layan ve beklentilerini kar\u015f\u0131layan \u00fcr\u00fcn ve hizmetleri zaman\u0131nda teslim etmeye kararl\u0131y\u0131z. \u0130\u015fin her alan\u0131nda sorumlu davranarak, s\u00fcrekli iyile\u015ftirme yoluyla m\u00fc\u015fterilerimizi memnun edebiliriz.<\/p>\n<p>\u00dcretim avantaj\u0131m\u0131z:<\/p>\n<p>Petrokimya \u00fcr\u00fcnleri alan\u0131nda bir\u00e7ok avantaj\u0131m\u0131z var. End\u00fcstriyel Standart ve G\u0131da Standard\u0131 gibi, y\u00fcksek kalite ve rekabet\u00e7i fiyat dikkate al\u0131narak ambalaj\u0131n kullan\u0131m\u0131 kolay.<\/p>\n<\/div><div class=\"fusion-clearfix\"><\/div>\n\n\t\t\t\t\t<\/div>\n\t\t\t\t<\/div><div  class=\"fusion-layout-column fusion_builder_column fusion_builder_column_1_2  fusion-one-half fusion-column-last 1_2\"  style='margin-top:0px;margin-bottom:0px;width:48%'>\n\t\t\t\t\t<div class=\"fusion-column-wrapper\" style=\"padding: 0px 0px 0px 0px;background-position:left top;background-repeat:no-repeat;-webkit-background-size:cover;-moz-background-size:cover;-o-background-size:cover;background-size:cover;\"  data-bg-url=\"\">\n\t\t\t\t\t\t<div class=\"fusion-slider-sc flexslider flexslider-hover-type-none\" style=\"max-width:100%;height:100%;\"><ul class=\"slides\"><li class=\"image\"><span class=\"hover-type-none\"><img decoding=\"async\" role=\"presentation\" src=\"https:\/\/www.petroacc.com\/wp-content\/uploads\/2014\/11\/petroacc-slider-home.jpg\" \/><\/span><\/li><\/ul><\/div><div class=\"fusion-clearfix\"><\/div>\n\n\t\t\t\t\t<\/div>\n\t\t\t\t<\/div><div  class=\"fusion-layout-column fusion_builder_column fusion_builder_column_1_2  fusion-one-half fusion-column-first 1_2\"  style='margin-top:0px;margin-bottom:20px;width:48%; margin-right: 4%;'>\n\t\t\t\t\t<div class=\"fusion-column-wrapper\" style=\"padding: 0px 0px 0px 0px;background-position:left top;background-repeat:no-repeat;-webkit-background-size:cover;-moz-background-size:cover;-o-background-size:cover;background-size:cover;\"  data-bg-url=\"\">\n\t\t\t\t\t\t<div class=\"fusion-title title fusion-title-size-two\" style=\"margin-top:0px;margin-bottom:20px;\"><h2 class=\"title-heading-left\">Neden Petro-Acc<\/h2><div class=\"title-sep-container\"><div class=\"title-sep sep-single\" style=\"border-color:#e0dede;\"><\/div><\/div><\/div><style type=\"text\/css\" scoped=\"scoped\">.fusion-accordian  #accordion-12597-1 .panel-title a .fa-fusion-box{ color: #ffffff;}.fusion-accordian  #accordion-12597-1 .panel-title a .fa-fusion-box:before{ font-size: 13px; width: 13px;}<\/style><div class=\"accordian fusion-accordian\"><div class=\"panel-group\" id=\"accordion-12597-1\"><div class=\"fusion-panel panel-default\"><div class=\"panel-heading\"><h4 class=\"panel-title toggle\"><a data-toggle=\"collapse\" data-target=\"#3001c3b5b3478dbbf\" href=\"#3001c3b5b3478dbbf\"><div class=\"fusion-toggle-icon-wrapper\"><i class=\"fa-fusion-box\"><\/i><\/div><div class=\"fusion-toggle-heading\">Bir\u00e7ok Hizmetin Haz\u0131rlanmas\u0131<\/div><\/a><\/h4><\/div><div id=\"3001c3b5b3478dbbf\" class=\"panel-collapse collapse \"><div class=\"panel-body toggle-content\">\n<p>International Petro Chemical Supplying Company, sayg\u0131n m\u00fc\u015fterileriyle en y\u00fcksek kalitede i\u015fbirli\u011fi yapmak i\u00e7in \u00e7e\u015fitli hizmetler haz\u0131rlamaktad\u0131r.<\/p>\n<\/div><\/div><\/div><div class=\"fusion-panel panel-default\"><div class=\"panel-heading\"><h4 class=\"panel-title toggle\"><a data-toggle=\"collapse\" data-target=\"#a0fd7176220ea8ba7\" href=\"#a0fd7176220ea8ba7\"><div class=\"fusion-toggle-icon-wrapper\"><i class=\"fa-fusion-box\"><\/i><\/div><div class=\"fusion-toggle-heading\">\u00dccretsiz \u00f6rnekleri temini<\/div><\/a><\/h4><\/div><div id=\"a0fd7176220ea8ba7\" class=\"panel-collapse collapse \"><div class=\"panel-body toggle-content\">\n<p>A\u015fa\u011f\u0131daki gibi operasyonel hizmetler: m\u00fc\u015fterilerimiz taraf\u0131ndan \u00f6nerilen t\u00fcm malzemelerin \u00fccretsiz numunelerini temin etmek, \u00fcretim ve \u00fcretim sa\u011flamak\u2026<\/p>\n<\/div><\/div><\/div><div class=\"fusion-panel panel-default\"><div class=\"panel-heading\"><h4 class=\"panel-title toggle\"><a data-toggle=\"collapse\" data-target=\"#4ac8387f74e6b323c\" href=\"#4ac8387f74e6b323c\"><div class=\"fusion-toggle-icon-wrapper\"><i class=\"fa-fusion-box\"><\/i><\/div><div class=\"fusion-toggle-heading\">Marka Ambalaj\u0131 Sa\u011flamak<\/div><\/a><\/h4><\/div><div id=\"4ac8387f74e6b323c\" class=\"panel-collapse collapse \"><div class=\"panel-body toggle-content\">\n<p>A\u015fa\u011f\u0131daki gibi operasyonel hizmetler: kendi markalar\u0131n\u0131z ve logolar\u0131n\u0131zla ambalajlama (baz\u0131 \u00fcretim t\u00fcrleri i\u00e7in) ve \u015firketlerin kimlik do\u011frulamas\u0131n\u0131 g\u00f6zden ge\u00e7irme\u2026.<\/p>\n<\/div><\/div><\/div><\/div><\/div><div class=\"fusion-clearfix\"><\/div>\n\n\t\t\t\t\t<\/div>\n\t\t\t\t<\/div><div  class=\"fusion-layout-column fusion_builder_column fusion_builder_column_1_1  fusion-one-full fusion-column-last fusion-column-no-min-height 1_1\"  style='margin-top:0px;margin-bottom:0px;'>\n\t\t\t\t\t<div class=\"fusion-column-wrapper\" style=\"padding: 0px 0px 0px 0px;background-position:left top;background-repeat:no-repeat;-webkit-background-size:cover;-moz-background-size:cover;-o-background-size:cover;background-size:cover;\"  data-bg-url=\"\">\n\t\t\t\t\t\t<div class=\"fusion-sep-clear\"><\/div><div class=\"fusion-separator fusion-full-width-sep sep-none\" style=\"margin-left: auto;margin-right: auto;margin-top:20px;\"><\/div><div class=\"fusion-clearfix\"><\/div>\n\n\t\t\t\t\t<\/div>\n\t\t\t\t<\/div><\/div><\/div>\n","protected":false},"excerpt":{"rendered":"","protected":false},"author":4,"featured_media":0,"parent":0,"menu_order":0,"comment_status":"open","ping_status":"open","template":"100-width.php","meta":{"_joinchat":[],"footnotes":""},"class_list":["post-12597","page","type-page","status-publish","hentry"],"yoast_head":"<!-- This site is optimized with the Yoast SEO plugin v26.8 - https:\/\/yoast.com\/product\/yoast-seo-wordpress\/ -->\n<title>Hakk\u0131nda | Aras Petrochemical Co.<\/title>\n<meta name=\"description\" content=\"Aras Petrokimya \u015eirketi Petrol \u00dcr\u00fcnleri ve Petrokimya \u00fcr\u00fcnlerinin y\u00fcksek kalite ve en iyi hizmetle tedarik\u00e7isi ve \u00fcreticisi olmakt\u0131r.\" \/>\n<meta name=\"robots\" content=\"index, follow, max-snippet:-1, max-image-preview:large, max-video-preview:-1\" \/>\n<link rel=\"canonical\" href=\"https:\/\/www.petroacc.com\/tr\/hakkinda\" \/>\n<meta property=\"og:locale\" content=\"tr_TR\" \/>\n<meta property=\"og:type\" content=\"article\" \/>\n<meta property=\"og:title\" content=\"Hakk\u0131nda | Aras Petrochemical Co.\" \/>\n<meta property=\"og:description\" content=\"Aras Petrokimya \u015eirketi Petrol \u00dcr\u00fcnleri ve Petrokimya \u00fcr\u00fcnlerinin y\u00fcksek kalite ve en iyi hizmetle tedarik\u00e7isi ve \u00fcreticisi olmakt\u0131r.\" \/>\n<meta property=\"og:url\" content=\"https:\/\/www.petroacc.com\/tr\/hakkinda\" \/>\n<meta property=\"og:site_name\" content=\"Aras Petrochemical Co.\" \/>\n<meta property=\"article:publisher\" content=\"https:\/\/www.facebook.com\/groups\/1968368303375878\/\" \/>\n<meta property=\"article:modified_time\" content=\"2024-01-17T13:02:24+00:00\" \/>\n<meta name=\"twitter:card\" content=\"summary_large_image\" \/>\n<meta name=\"twitter:label1\" content=\"Tahmini okuma s\u00fcresi\" \/>\n\t<meta name=\"twitter:data1\" content=\"4 dakika\" \/>\n<script type=\"application\/ld+json\" class=\"yoast-schema-graph\">{\"@context\":\"https:\/\/schema.org\",\"@graph\":[{\"@type\":\"WebPage\",\"@id\":\"https:\/\/www.petroacc.com\/tr\/hakkinda\",\"url\":\"https:\/\/www.petroacc.com\/tr\/hakkinda\",\"name\":\"Hakk\u0131nda | Aras Petrochemical Co.\",\"isPartOf\":{\"@id\":\"https:\/\/www.petroacc.com\/tr#website\"},\"datePublished\":\"2018-04-18T09:25:55+00:00\",\"dateModified\":\"2024-01-17T13:02:24+00:00\",\"description\":\"Aras Petrokimya \u015eirketi Petrol \u00dcr\u00fcnleri ve Petrokimya \u00fcr\u00fcnlerinin y\u00fcksek kalite ve en iyi hizmetle tedarik\u00e7isi ve \u00fcreticisi olmakt\u0131r.\",\"breadcrumb\":{\"@id\":\"https:\/\/www.petroacc.com\/tr\/hakkinda#breadcrumb\"},\"inLanguage\":\"tr\",\"potentialAction\":[{\"@type\":\"ReadAction\",\"target\":[\"https:\/\/www.petroacc.com\/tr\/hakkinda\"]}]},{\"@type\":\"BreadcrumbList\",\"@id\":\"https:\/\/www.petroacc.com\/tr\/hakkinda#breadcrumb\",\"itemListElement\":[{\"@type\":\"ListItem\",\"position\":1,\"name\":\"Home\",\"item\":\"https:\/\/www.petroacc.com\/tr\"},{\"@type\":\"ListItem\",\"position\":2,\"name\":\"Hakk\u0131nda\"}]},{\"@type\":\"WebSite\",\"@id\":\"https:\/\/www.petroacc.com\/tr#website\",\"url\":\"https:\/\/www.petroacc.com\/tr\",\"name\":\"Caustic soda flake | Calcium chloride\",\"description\":\"Petrochemical Company\",\"publisher\":{\"@id\":\"https:\/\/www.petroacc.com\/tr#organization\"},\"potentialAction\":[{\"@type\":\"SearchAction\",\"target\":{\"@type\":\"EntryPoint\",\"urlTemplate\":\"https:\/\/www.petroacc.com\/tr?s={search_term_string}\"},\"query-input\":{\"@type\":\"PropertyValueSpecification\",\"valueRequired\":true,\"valueName\":\"search_term_string\"}}],\"inLanguage\":\"tr\"},{\"@type\":\"Organization\",\"@id\":\"https:\/\/www.petroacc.com\/tr#organization\",\"name\":\"Aras Petro Chemical CO\",\"url\":\"https:\/\/www.petroacc.com\/tr\",\"logo\":{\"@type\":\"ImageObject\",\"inLanguage\":\"tr\",\"@id\":\"https:\/\/www.petroacc.com\/tr#\/schema\/logo\/image\/\",\"url\":\"https:\/\/www.petroacc.com\/wp-content\/uploads\/2019\/02\/Petroacc-logo.jpg\",\"contentUrl\":\"https:\/\/www.petroacc.com\/wp-content\/uploads\/2019\/02\/Petroacc-logo.jpg\",\"width\":319,\"height\":94,\"caption\":\"Aras Petro Chemical CO\"},\"image\":{\"@id\":\"https:\/\/www.petroacc.com\/tr#\/schema\/logo\/image\/\"},\"sameAs\":[\"https:\/\/www.facebook.com\/groups\/1968368303375878\/\"]}]}<\/script>\n<!-- \/ Yoast SEO plugin. -->","yoast_head_json":{"title":"Hakk\u0131nda | Aras Petrochemical Co.","description":"Aras Petrokimya \u015eirketi Petrol \u00dcr\u00fcnleri ve Petrokimya \u00fcr\u00fcnlerinin y\u00fcksek kalite ve en iyi hizmetle tedarik\u00e7isi ve \u00fcreticisi olmakt\u0131r.","robots":{"index":"index","follow":"follow","max-snippet":"max-snippet:-1","max-image-preview":"max-image-preview:large","max-video-preview":"max-video-preview:-1"},"canonical":"https:\/\/www.petroacc.com\/tr\/hakkinda","og_locale":"tr_TR","og_type":"article","og_title":"Hakk\u0131nda | Aras Petrochemical Co.","og_description":"Aras Petrokimya \u015eirketi Petrol \u00dcr\u00fcnleri ve Petrokimya \u00fcr\u00fcnlerinin y\u00fcksek kalite ve en iyi hizmetle tedarik\u00e7isi ve \u00fcreticisi olmakt\u0131r.","og_url":"https:\/\/www.petroacc.com\/tr\/hakkinda","og_site_name":"Aras Petrochemical Co.","article_publisher":"https:\/\/www.facebook.com\/groups\/1968368303375878\/","article_modified_time":"2024-01-17T13:02:24+00:00","twitter_card":"summary_large_image","twitter_misc":{"Tahmini okuma s\u00fcresi":"4 dakika"},"schema":{"@context":"https:\/\/schema.org","@graph":[{"@type":"WebPage","@id":"https:\/\/www.petroacc.com\/tr\/hakkinda","url":"https:\/\/www.petroacc.com\/tr\/hakkinda","name":"Hakk\u0131nda | Aras Petrochemical Co.","isPartOf":{"@id":"https:\/\/www.petroacc.com\/tr#website"},"datePublished":"2018-04-18T09:25:55+00:00","dateModified":"2024-01-17T13:02:24+00:00","description":"Aras Petrokimya \u015eirketi Petrol \u00dcr\u00fcnleri ve Petrokimya \u00fcr\u00fcnlerinin y\u00fcksek kalite ve en iyi hizmetle tedarik\u00e7isi ve \u00fcreticisi olmakt\u0131r.","breadcrumb":{"@id":"https:\/\/www.petroacc.com\/tr\/hakkinda#breadcrumb"},"inLanguage":"tr","potentialAction":[{"@type":"ReadAction","target":["https:\/\/www.petroacc.com\/tr\/hakkinda"]}]},{"@type":"BreadcrumbList","@id":"https:\/\/www.petroacc.com\/tr\/hakkinda#breadcrumb","itemListElement":[{"@type":"ListItem","position":1,"name":"Home","item":"https:\/\/www.petroacc.com\/tr"},{"@type":"ListItem","position":2,"name":"Hakk\u0131nda"}]},{"@type":"WebSite","@id":"https:\/\/www.petroacc.com\/tr#website","url":"https:\/\/www.petroacc.com\/tr","name":"Caustic soda flake | Calcium chloride","description":"Petrochemical Company","publisher":{"@id":"https:\/\/www.petroacc.com\/tr#organization"},"potentialAction":[{"@type":"SearchAction","target":{"@type":"EntryPoint","urlTemplate":"https:\/\/www.petroacc.com\/tr?s={search_term_string}"},"query-input":{"@type":"PropertyValueSpecification","valueRequired":true,"valueName":"search_term_string"}}],"inLanguage":"tr"},{"@type":"Organization","@id":"https:\/\/www.petroacc.com\/tr#organization","name":"Aras Petro Chemical CO","url":"https:\/\/www.petroacc.com\/tr","logo":{"@type":"ImageObject","inLanguage":"tr","@id":"https:\/\/www.petroacc.com\/tr#\/schema\/logo\/image\/","url":"https:\/\/www.petroacc.com\/wp-content\/uploads\/2019\/02\/Petroacc-logo.jpg","contentUrl":"https:\/\/www.petroacc.com\/wp-content\/uploads\/2019\/02\/Petroacc-logo.jpg","width":319,"height":94,"caption":"Aras Petro Chemical CO"},"image":{"@id":"https:\/\/www.petroacc.com\/tr#\/schema\/logo\/image\/"},"sameAs":["https:\/\/www.facebook.com\/groups\/1968368303375878\/"]}]}},"_links":{"self":[{"href":"https:\/\/www.petroacc.com\/tr\/wp-json\/wp\/v2\/pages\/12597","targetHints":{"allow":["GET"]}}],"collection":[{"href":"https:\/\/www.petroacc.com\/tr\/wp-json\/wp\/v2\/pages"}],"about":[{"href":"https:\/\/www.petroacc.com\/tr\/wp-json\/wp\/v2\/types\/page"}],"author":[{"embeddable":true,"href":"https:\/\/www.petroacc.com\/tr\/wp-json\/wp\/v2\/users\/4"}],"replies":[{"embeddable":true,"href":"https:\/\/www.petroacc.com\/tr\/wp-json\/wp\/v2\/comments?post=12597"}],"version-history":[{"count":14,"href":"https:\/\/www.petroacc.com\/tr\/wp-json\/wp\/v2\/pages\/12597\/revisions"}],"predecessor-version":[{"id":15961,"href":"https:\/\/www.petroacc.com\/tr\/wp-json\/wp\/v2\/pages\/12597\/revisions\/15961"}],"wp:attachment":[{"href":"https:\/\/www.petroacc.com\/tr\/wp-json\/wp\/v2\/media?parent=12597"}],"curies":[{"name":"wp","href":"https:\/\/api.w.org\/{rel}","templated":true}]}}