{"id":14596,"date":"2022-12-21T14:39:55","date_gmt":"2022-12-21T11:09:55","guid":{"rendered":"https:\/\/www.petroacc.com?page_id=14596"},"modified":"2024-01-17T16:36:47","modified_gmt":"2024-01-17T13:06:47","slug":"sobre-nos","status":"publish","type":"page","link":"https:\/\/www.petroacc.com\/pt-br\/sobre-nos","title":{"rendered":"SOBRE N\u00d3S"},"content":{"rendered":"<div class=\"fusion-fullwidth fullwidth-box nonhundred-percent-fullwidth non-hundred-percent-height-scrolling\"  style='background-color: #ffffff;background-position: center center;background-repeat: no-repeat;padding-top:0px;padding-right:0px;padding-bottom:0px;padding-left:0px;'><div class=\"fusion-builder-row fusion-row \"><div  class=\"fusion-layout-column fusion_builder_column fusion_builder_column_1_2  fusion-one-half fusion-column-first 1_2\"  style='margin-top:0px;margin-bottom:20px;width:48%; margin-right: 4%;'>\n\t\t\t\t\t<div class=\"fusion-column-wrapper\" style=\"padding: 0px 0px 0px 0px;background-position:left top;background-repeat:no-repeat;-webkit-background-size:cover;-moz-background-size:cover;-o-background-size:cover;background-size:cover;\"  data-bg-url=\"\">\n\t\t\t\t\t\t<div class=\"fusion-title title fusion-title-size-two\" style=\"margin-top:0px;margin-bottom:20px;\"><h2 class=\"title-heading-left\">Bem-vindo \u00e0 Companhia Petroqu\u00edmica Aras<\/h2><div class=\"title-sep-container\"><div class=\"title-sep sep-single\" style=\"border-color:#e0dede;\"><\/div><\/div><\/div><div class=\"fusion-text\"><p>Aras petrochemical Company (PETRO ACC) seria um fabricante petroqu\u00edmico com ampla gama de produtos petroqu\u00edmicos que fornece o melhor servi\u00e7o t\u00e9cnico e produtos petroqu\u00edmicos de qualidade para in\u00fameras ind\u00fastrias de manufatura.<\/p>\n<p>A PETRO ACC, com sede na \u00c1sia, cobre o Extremo Oriente, Europa, Oriente M\u00e9dio e \u00c1frica.<\/p>\n<p>A empresa PETRO ACC estaria ativamente envolvida no Programa de Distribui\u00e7\u00e3o Respons\u00e1vel. Estamos empenhados em fornecer produtos e servi\u00e7os aos nossos clientes em tempo h\u00e1bil, que atendam consistentemente \u00e0s suas especifica\u00e7\u00f5es e satisfa\u00e7am suas expectativas. Atuando com responsabilidade em todos os aspectos do neg\u00f3cio, podemos satisfazer nossos clientes por meio da melhoria cont\u00ednua.<\/p>\n<p>Nossa vantagem de produ\u00e7\u00e3o:<\/p>\n<p>No campo de produtos petroqu\u00edmicos, temos v\u00e1rias vantagens. como Padr\u00e3o Industrial e Padr\u00e3o Alimentar,\u00a0Para facilitar o uso da embalagem,\u00a0levando em considera\u00e7\u00e3o alta qualidade e\u00a0pre\u00e7o competitivo.<\/p>\n<\/div><div class=\"fusion-clearfix\"><\/div>\n\n\t\t\t\t\t<\/div>\n\t\t\t\t<\/div><div  class=\"fusion-layout-column fusion_builder_column fusion_builder_column_1_2  fusion-one-half fusion-column-last 1_2\"  style='margin-top:0px;margin-bottom:0px;width:48%'>\n\t\t\t\t\t<div class=\"fusion-column-wrapper\" style=\"padding: 0px 0px 0px 0px;background-position:left top;background-repeat:no-repeat;-webkit-background-size:cover;-moz-background-size:cover;-o-background-size:cover;background-size:cover;\"  data-bg-url=\"\">\n\t\t\t\t\t\t<div class=\"fusion-slider-sc flexslider flexslider-hover-type-none\" style=\"max-width:100%;height:100%;\"><ul class=\"slides\"><li class=\"image\"><span class=\"hover-type-none\"><img decoding=\"async\" role=\"presentation\" src=\"https:\/\/www.petroacc.com\/wp-content\/uploads\/2014\/11\/petroacc-slider-home-1024x526.jpg\" \/><\/span><\/li><\/ul><\/div><div class=\"fusion-clearfix\"><\/div>\n\n\t\t\t\t\t<\/div>\n\t\t\t\t<\/div><div  class=\"fusion-layout-column fusion_builder_column fusion_builder_column_1_2  fusion-one-half fusion-column-first 1_2\"  style='margin-top:0px;margin-bottom:20px;width:48%; margin-right: 4%;'>\n\t\t\t\t\t<div class=\"fusion-column-wrapper\" style=\"padding: 0px 0px 0px 0px;background-position:left top;background-repeat:no-repeat;-webkit-background-size:cover;-moz-background-size:cover;-o-background-size:cover;background-size:cover;\"  data-bg-url=\"\">\n\t\t\t\t\t\t<div class=\"fusion-title title fusion-title-size-two\" style=\"margin-top:0px;margin-bottom:20px;\"><h2 class=\"title-heading-left\">Por que Aras Petrochemical Company<\/h2><div class=\"title-sep-container\"><div class=\"title-sep sep-single\" style=\"border-color:#e0dede;\"><\/div><\/div><\/div><style type=\"text\/css\" scoped=\"scoped\">.fusion-accordian  #accordion-14596-1 .panel-title a .fa-fusion-box{ color: #ffffff;}.fusion-accordian  #accordion-14596-1 .panel-title a .fa-fusion-box:before{ font-size: 13px; width: 13px;}<\/style><div class=\"accordian fusion-accordian\"><div class=\"panel-group\" id=\"accordion-14596-1\"><div class=\"fusion-panel panel-default\"><div class=\"panel-heading\"><h4 class=\"panel-title toggle\"><a data-toggle=\"collapse\" data-target=\"#9c0749b362bc7a7b7\" href=\"#9c0749b362bc7a7b7\"><div class=\"fusion-toggle-icon-wrapper\"><i class=\"fa-fusion-box\"><\/i><\/div><div class=\"fusion-toggle-heading\">Produzindo produtos petroqu\u00edmicos de alta qualidade<\/div><\/a><\/h4><\/div><div id=\"9c0749b362bc7a7b7\" class=\"panel-collapse collapse \"><div class=\"panel-body toggle-content\">\n<p>Empresa produtora petroqu\u00edmica internacional de diferentes graus de produtos petroqu\u00edmicos com os melhores servi\u00e7os de exporta\u00e7\u00e3o para todos os pa\u00edses do mundo com alta qualidade&#8230;<\/p>\n<\/div><\/div><\/div><div class=\"fusion-panel panel-default\"><div class=\"panel-heading\"><h4 class=\"panel-title toggle\"><a data-toggle=\"collapse\" data-target=\"#f8113adf2bec20446\" href=\"#f8113adf2bec20446\"><div class=\"fusion-toggle-icon-wrapper\"><i class=\"fa-fusion-box\"><\/i><\/div><div class=\"fusion-toggle-heading\">Fornecimento de muitos produtos petroqu\u00edmicos<\/div><\/a><\/h4><\/div><div id=\"f8113adf2bec20446\" class=\"panel-collapse collapse \"><div class=\"panel-body toggle-content\">\n<p>Servi\u00e7os operacionais como o fornecimento de mat\u00e9rias-primas qu\u00edmicas aos nossos estimados clientes, para fabrica\u00e7\u00e3o e produ\u00e7\u00e3o de produtos industriais e n\u00e3o industriais&#8230;<\/p>\n<\/div><\/div><\/div><div class=\"fusion-panel panel-default\"><div class=\"panel-heading\"><h4 class=\"panel-title toggle\"><a data-toggle=\"collapse\" data-target=\"#13e9d7ed854e283c3\" href=\"#13e9d7ed854e283c3\"><div class=\"fusion-toggle-icon-wrapper\"><i class=\"fa-fusion-box\"><\/i><\/div><div class=\"fusion-toggle-heading\">Fornecendo produtos petroqu\u00edmicos padr\u00e3o de melhor qualidade<\/div><\/a><\/h4><\/div><div id=\"13e9d7ed854e283c3\" class=\"panel-collapse collapse \"><div class=\"panel-body toggle-content\">\n<p>Fornecer alta qualidade com embalagens em perfeitas condi\u00e7\u00f5es e com marca pr\u00f3pria e logotipos (para alguns tipos de produ\u00e7\u00f5es) e revisar a autentica\u00e7\u00e3o das empresas, bem como realizar todos os servi\u00e7os alfandeg\u00e1rios para exporta\u00e7\u00e3o.<\/p>\n<\/div><\/div><\/div><\/div><\/div><div class=\"fusion-clearfix\"><\/div>\n\n\t\t\t\t\t<\/div>\n\t\t\t\t<\/div><div  class=\"fusion-layout-column fusion_builder_column fusion_builder_column_1_1  fusion-one-full fusion-column-last fusion-column-no-min-height 1_1\"  style='margin-top:0px;margin-bottom:0px;'>\n\t\t\t\t\t<div class=\"fusion-column-wrapper\" style=\"padding: 0px 0px 0px 0px;background-position:left top;background-repeat:no-repeat;-webkit-background-size:cover;-moz-background-size:cover;-o-background-size:cover;background-size:cover;\"  data-bg-url=\"\">\n\t\t\t\t\t\t<div class=\"fusion-sep-clear\"><\/div><div class=\"fusion-separator fusion-full-width-sep sep-none\" style=\"margin-left: auto;margin-right: auto;margin-top:20px;\"><\/div><div class=\"fusion-clearfix\"><\/div>\n\n\t\t\t\t\t<\/div>\n\t\t\t\t<\/div><\/div><\/div>\n","protected":false},"excerpt":{"rendered":"","protected":false},"author":4,"featured_media":0,"parent":0,"menu_order":0,"comment_status":"open","ping_status":"open","template":"100-width.php","meta":{"_joinchat":[],"footnotes":""},"class_list":["post-14596","page","type-page","status-publish","hentry"],"yoast_head":"<!-- This site is optimized with the Yoast SEO plugin v26.8 - https:\/\/yoast.com\/product\/yoast-seo-wordpress\/ -->\n<title>SOBRE N\u00d3S | Aras Petrochemical Co.<\/title>\n<meta name=\"description\" content=\"Companhia Petroqu\u00edmica Arasseria fornecedor e produtor de produtos petrol\u00edferos e produtos petroqu\u00edmicos com alta qualidade e melhores servi\u00e7os.\" \/>\n<meta name=\"robots\" content=\"index, follow, max-snippet:-1, max-image-preview:large, max-video-preview:-1\" \/>\n<link rel=\"canonical\" href=\"https:\/\/www.petroacc.com\/pt-br\/sobre-nos\" \/>\n<meta property=\"og:locale\" content=\"pt_BR\" \/>\n<meta property=\"og:type\" content=\"article\" \/>\n<meta property=\"og:title\" content=\"SOBRE N\u00d3S | Aras Petrochemical Co.\" \/>\n<meta property=\"og:description\" content=\"Companhia Petroqu\u00edmica Arasseria fornecedor e produtor de produtos petrol\u00edferos e produtos petroqu\u00edmicos com alta qualidade e melhores servi\u00e7os.\" \/>\n<meta property=\"og:url\" content=\"https:\/\/www.petroacc.com\/pt-br\/sobre-nos\" \/>\n<meta property=\"og:site_name\" content=\"Aras Petrochemical Co.\" \/>\n<meta property=\"article:publisher\" content=\"https:\/\/www.facebook.com\/groups\/1968368303375878\/\" \/>\n<meta property=\"article:modified_time\" content=\"2024-01-17T13:06:47+00:00\" \/>\n<meta name=\"twitter:card\" content=\"summary_large_image\" \/>\n<meta name=\"twitter:label1\" content=\"Est. tempo de leitura\" \/>\n\t<meta name=\"twitter:data1\" content=\"4 minutos\" \/>\n<script type=\"application\/ld+json\" class=\"yoast-schema-graph\">{\"@context\":\"https:\/\/schema.org\",\"@graph\":[{\"@type\":\"WebPage\",\"@id\":\"https:\/\/www.petroacc.com\/pt-br\/sobre-nos\",\"url\":\"https:\/\/www.petroacc.com\/pt-br\/sobre-nos\",\"name\":\"SOBRE N\u00d3S | Aras Petrochemical Co.\",\"isPartOf\":{\"@id\":\"https:\/\/www.petroacc.com\/pt-br#website\"},\"datePublished\":\"2022-12-21T11:09:55+00:00\",\"dateModified\":\"2024-01-17T13:06:47+00:00\",\"description\":\"Companhia Petroqu\u00edmica Arasseria fornecedor e produtor de produtos petrol\u00edferos e produtos petroqu\u00edmicos com alta qualidade e melhores servi\u00e7os.\",\"breadcrumb\":{\"@id\":\"https:\/\/www.petroacc.com\/pt-br\/sobre-nos#breadcrumb\"},\"inLanguage\":\"pt-BR\",\"potentialAction\":[{\"@type\":\"ReadAction\",\"target\":[\"https:\/\/www.petroacc.com\/pt-br\/sobre-nos\"]}]},{\"@type\":\"BreadcrumbList\",\"@id\":\"https:\/\/www.petroacc.com\/pt-br\/sobre-nos#breadcrumb\",\"itemListElement\":[{\"@type\":\"ListItem\",\"position\":1,\"name\":\"Home\",\"item\":\"https:\/\/www.petroacc.com\/pt-br\"},{\"@type\":\"ListItem\",\"position\":2,\"name\":\"SOBRE N\u00d3S\"}]},{\"@type\":\"WebSite\",\"@id\":\"https:\/\/www.petroacc.com\/pt-br#website\",\"url\":\"https:\/\/www.petroacc.com\/pt-br\",\"name\":\"Caustic soda flake | Calcium chloride\",\"description\":\"Petrochemical Company\",\"publisher\":{\"@id\":\"https:\/\/www.petroacc.com\/pt-br#organization\"},\"potentialAction\":[{\"@type\":\"SearchAction\",\"target\":{\"@type\":\"EntryPoint\",\"urlTemplate\":\"https:\/\/www.petroacc.com\/pt-br?s={search_term_string}\"},\"query-input\":{\"@type\":\"PropertyValueSpecification\",\"valueRequired\":true,\"valueName\":\"search_term_string\"}}],\"inLanguage\":\"pt-BR\"},{\"@type\":\"Organization\",\"@id\":\"https:\/\/www.petroacc.com\/pt-br#organization\",\"name\":\"Aras Petro Chemical CO\",\"url\":\"https:\/\/www.petroacc.com\/pt-br\",\"logo\":{\"@type\":\"ImageObject\",\"inLanguage\":\"pt-BR\",\"@id\":\"https:\/\/www.petroacc.com\/pt-br#\/schema\/logo\/image\/\",\"url\":\"https:\/\/www.petroacc.com\/wp-content\/uploads\/2019\/02\/Petroacc-logo.jpg\",\"contentUrl\":\"https:\/\/www.petroacc.com\/wp-content\/uploads\/2019\/02\/Petroacc-logo.jpg\",\"width\":319,\"height\":94,\"caption\":\"Aras Petro Chemical CO\"},\"image\":{\"@id\":\"https:\/\/www.petroacc.com\/pt-br#\/schema\/logo\/image\/\"},\"sameAs\":[\"https:\/\/www.facebook.com\/groups\/1968368303375878\/\"]}]}<\/script>\n<!-- \/ Yoast SEO plugin. -->","yoast_head_json":{"title":"SOBRE N\u00d3S | Aras Petrochemical Co.","description":"Companhia Petroqu\u00edmica Arasseria fornecedor e produtor de produtos petrol\u00edferos e produtos petroqu\u00edmicos com alta qualidade e melhores servi\u00e7os.","robots":{"index":"index","follow":"follow","max-snippet":"max-snippet:-1","max-image-preview":"max-image-preview:large","max-video-preview":"max-video-preview:-1"},"canonical":"https:\/\/www.petroacc.com\/pt-br\/sobre-nos","og_locale":"pt_BR","og_type":"article","og_title":"SOBRE N\u00d3S | Aras Petrochemical Co.","og_description":"Companhia Petroqu\u00edmica Arasseria fornecedor e produtor de produtos petrol\u00edferos e produtos petroqu\u00edmicos com alta qualidade e melhores servi\u00e7os.","og_url":"https:\/\/www.petroacc.com\/pt-br\/sobre-nos","og_site_name":"Aras Petrochemical Co.","article_publisher":"https:\/\/www.facebook.com\/groups\/1968368303375878\/","article_modified_time":"2024-01-17T13:06:47+00:00","twitter_card":"summary_large_image","twitter_misc":{"Est. tempo de leitura":"4 minutos"},"schema":{"@context":"https:\/\/schema.org","@graph":[{"@type":"WebPage","@id":"https:\/\/www.petroacc.com\/pt-br\/sobre-nos","url":"https:\/\/www.petroacc.com\/pt-br\/sobre-nos","name":"SOBRE N\u00d3S | Aras Petrochemical Co.","isPartOf":{"@id":"https:\/\/www.petroacc.com\/pt-br#website"},"datePublished":"2022-12-21T11:09:55+00:00","dateModified":"2024-01-17T13:06:47+00:00","description":"Companhia Petroqu\u00edmica Arasseria fornecedor e produtor de produtos petrol\u00edferos e produtos petroqu\u00edmicos com alta qualidade e melhores servi\u00e7os.","breadcrumb":{"@id":"https:\/\/www.petroacc.com\/pt-br\/sobre-nos#breadcrumb"},"inLanguage":"pt-BR","potentialAction":[{"@type":"ReadAction","target":["https:\/\/www.petroacc.com\/pt-br\/sobre-nos"]}]},{"@type":"BreadcrumbList","@id":"https:\/\/www.petroacc.com\/pt-br\/sobre-nos#breadcrumb","itemListElement":[{"@type":"ListItem","position":1,"name":"Home","item":"https:\/\/www.petroacc.com\/pt-br"},{"@type":"ListItem","position":2,"name":"SOBRE N\u00d3S"}]},{"@type":"WebSite","@id":"https:\/\/www.petroacc.com\/pt-br#website","url":"https:\/\/www.petroacc.com\/pt-br","name":"Caustic soda flake | Calcium chloride","description":"Petrochemical Company","publisher":{"@id":"https:\/\/www.petroacc.com\/pt-br#organization"},"potentialAction":[{"@type":"SearchAction","target":{"@type":"EntryPoint","urlTemplate":"https:\/\/www.petroacc.com\/pt-br?s={search_term_string}"},"query-input":{"@type":"PropertyValueSpecification","valueRequired":true,"valueName":"search_term_string"}}],"inLanguage":"pt-BR"},{"@type":"Organization","@id":"https:\/\/www.petroacc.com\/pt-br#organization","name":"Aras Petro Chemical CO","url":"https:\/\/www.petroacc.com\/pt-br","logo":{"@type":"ImageObject","inLanguage":"pt-BR","@id":"https:\/\/www.petroacc.com\/pt-br#\/schema\/logo\/image\/","url":"https:\/\/www.petroacc.com\/wp-content\/uploads\/2019\/02\/Petroacc-logo.jpg","contentUrl":"https:\/\/www.petroacc.com\/wp-content\/uploads\/2019\/02\/Petroacc-logo.jpg","width":319,"height":94,"caption":"Aras Petro Chemical CO"},"image":{"@id":"https:\/\/www.petroacc.com\/pt-br#\/schema\/logo\/image\/"},"sameAs":["https:\/\/www.facebook.com\/groups\/1968368303375878\/"]}]}},"_links":{"self":[{"href":"https:\/\/www.petroacc.com\/pt-br\/wp-json\/wp\/v2\/pages\/14596","targetHints":{"allow":["GET"]}}],"collection":[{"href":"https:\/\/www.petroacc.com\/pt-br\/wp-json\/wp\/v2\/pages"}],"about":[{"href":"https:\/\/www.petroacc.com\/pt-br\/wp-json\/wp\/v2\/types\/page"}],"author":[{"embeddable":true,"href":"https:\/\/www.petroacc.com\/pt-br\/wp-json\/wp\/v2\/users\/4"}],"replies":[{"embeddable":true,"href":"https:\/\/www.petroacc.com\/pt-br\/wp-json\/wp\/v2\/comments?post=14596"}],"version-history":[{"count":2,"href":"https:\/\/www.petroacc.com\/pt-br\/wp-json\/wp\/v2\/pages\/14596\/revisions"}],"predecessor-version":[{"id":15962,"href":"https:\/\/www.petroacc.com\/pt-br\/wp-json\/wp\/v2\/pages\/14596\/revisions\/15962"}],"wp:attachment":[{"href":"https:\/\/www.petroacc.com\/pt-br\/wp-json\/wp\/v2\/media?parent=14596"}],"curies":[{"name":"wp","href":"https:\/\/api.w.org\/{rel}","templated":true}]}}