{"id":14590,"date":"2022-12-21T14:23:05","date_gmt":"2022-12-21T10:53:05","guid":{"rendered":"https:\/\/www.petroacc.com?page_id=14590"},"modified":"2022-12-21T14:23:05","modified_gmt":"2022-12-21T10:53:05","slug":"blog","status":"publish","type":"page","link":"https:\/\/www.petroacc.com\/pt-br\/blog","title":{"rendered":"Blog"},"content":{"rendered":"<div class=\"fusion-fullwidth fullwidth-box hundred-percent-fullwidth non-hundred-percent-height-scrolling\"  style='background-color: #ffffff;background-position: center center;background-repeat: no-repeat;padding-top:0px;padding-right:0px;padding-bottom:0px;padding-left:0px;'><div class=\"fusion-builder-row fusion-row \"><div  class=\"fusion-layout-column fusion_builder_column fusion_builder_column_1_1  fusion-one-full fusion-column-first fusion-column-last fusion-column-no-min-height 1_1\"  style='margin-top:0px;margin-bottom:0px;'>\n\t\t\t\t\t<div class=\"fusion-column-wrapper\" style=\"padding: 0px 0px 0px 0px;background-position:left top;background-repeat:no-repeat;-webkit-background-size:cover;-moz-background-size:cover;-o-background-size:cover;background-size:cover;\"  data-bg-url=\"\">\n\t\t\t\t\t\t<div class=\"fusion-blog-shortcode fusion-blog-shortcode-1 fusion-blog-archive fusion-blog-layout-large fusion-blog-no\"><div class=\"fusion-posts-container fusion-posts-container-no fusion-blog-rollover\" data-pages=\"1\"><article id=\"blog-1-post-15501\" class=\"fusion-post-large post-15501 post type-post status-publish format-standard has-post-thumbnail hentry category-gilsonita tag-gilsonita tag-o-que-e-gilsonita\">\n\t<style type=\"text\/css\">\n\t\t\n\t\t\n\t\t\n\t\t\n\t\t\t<\/style>\n\n\n\t\t\t<div class=\"fusion-flexslider flexslider fusion-flexslider-loading fusion-post-slideshow\">\n\t\t<ul class=\"slides\">\n\t\t\t\n\t\t\t\t\t\t\t\t\t\t\t\t\t\t\t\t\t\t<li>\n\n<div  class=\"fusion-image-wrapper\" aria-haspopup=\"true\">\n\t\n\t\n\t\t\n\t\t\t\t\t<img loading=\"lazy\" decoding=\"async\" width=\"541\" height=\"542\" src=\"https:\/\/www.petroacc.com\/wp-content\/uploads\/2022\/12\/What-is-Gilsonite.jpg\" class=\"attachment-full size-full wp-post-image\" alt=\"What is Gilsonite\" srcset=\"https:\/\/www.petroacc.com\/wp-content\/uploads\/2022\/12\/What-is-Gilsonite-200x200.jpg 200w, https:\/\/www.petroacc.com\/wp-content\/uploads\/2022\/12\/What-is-Gilsonite-400x401.jpg 400w, https:\/\/www.petroacc.com\/wp-content\/uploads\/2022\/12\/What-is-Gilsonite.jpg 541w\" sizes=\"auto, (max-width: 800px) 100vw, 541px\" \/>\n\t\n\n\t\t<div class=\"fusion-rollover\">\n\t<div class=\"fusion-rollover-content\">\n\n\t\t\t\t\t\t\t\t\t\t\t\t\t\t<a class=\"fusion-rollover-link\" href=\"https:\/\/www.petroacc.com\/pt-br\/o-que-e-gilsonita\">o que \u00e9 gilsonita<\/a>\n\t\t\t\n\t\t\t\t\t\t\t\t\n\t\t\t\t\n\t\t\t\t\t\t\t\t\t\t\t\t<h4 class=\"fusion-rollover-title\">\n\t\t\t\t\t<a href=\"https:\/\/www.petroacc.com\/pt-br\/o-que-e-gilsonita\">\n\t\t\t\t\t\to que \u00e9 gilsonita\t\t\t\t\t<\/a>\n\t\t\t\t<\/h4>\n\t\t\t\n\t\t\t\t\t\t\t\t\t\t\t\t\t\t<div class=\"fusion-rollover-categories\"><a href=\"https:\/\/www.petroacc.com\/pt-br\/category\/gilsonita\" rel=\"tag\">gilsonita<\/a><\/div>\t\t\t\t\t\n\t\t\n\t\t\t\t<a class=\"fusion-link-wrapper\" href=\"https:\/\/www.petroacc.com\/pt-br\/o-que-e-gilsonita\" aria-label=\"o que \u00e9 gilsonita\"><\/a>\n\t<\/div>\n<\/div>\n\n\t\n<\/div>\n<\/li>\n\t\t\t\n\t\t\t\n\t\t\t\t\t\t\t\t\t\t\t\t\t\t\t\t\t\t\t\t\t\t\t\t\t\t\t\t\t\t\t\t\t\t\t\t\t\t\t\t\t\t\t\t\t\t\t\t\t\t\t\t\t\t\t\t\t\t\t\t\t\t\t\t\t\t\t\t<\/ul>\n\t<\/div>\n<div class=\"fusion-post-content post-content\"><h2 class=\"blog-shortcode-post-title entry-title\"><a href=\"https:\/\/www.petroacc.com\/pt-br\/o-que-e-gilsonita\">o que \u00e9 gilsonita<\/a><\/h2><div class=\"fusion-post-content-container\"><p> Gilsonite ou betume mineral \u00e9 um material preto, duro e quebradi\u00e7o com uma superf\u00edcie brilhante, Na verdade, \u00e9 um hidrocarboneto s\u00f3lido que devido a eventos de camadas subterr\u00e2neas e condi\u00e7\u00f5es geogr\u00e1ficas, Durante os milhares [...]<\/p><\/div><\/div><div class=\"fusion-clearfix\"><\/div><div class=\"fusion-meta-info\"><div class=\"fusion-alignleft\">\n\t\t\t\n\t\t\t\n\t\t\t\n\t\t\n\t\t\t\n\t\t\t\n\t\t\t\t\t\t\t<span class=\"updated\" style=\"display:none;\">\n\t\t\t\t\t2023-02-10T13:17:28+04:00\t\t\t\t<\/span>\n\t\t\t\n\t\t<span>10 fevereiro 2023<\/span><span class=\"fusion-inline-sep\">|<\/span>Categories: <a href=\"https:\/\/www.petroacc.com\/pt-br\/category\/gilsonita\" rel=\"category tag\">gilsonita<\/a><span class=\"fusion-inline-sep\">|<\/span><span class=\"meta-tags\">Tags: <a href=\"https:\/\/www.petroacc.com\/pt-br\/tag\/gilsonita\" rel=\"tag\">gilsonita<\/a>, <a href=\"https:\/\/www.petroacc.com\/pt-br\/tag\/o-que-e-gilsonita\" rel=\"tag\">o que \u00e9 gilsonita<\/a><\/span><span class=\"fusion-inline-sep\">|<\/span><span class=\"fusion-comments\"><a href=\"https:\/\/www.petroacc.com\/pt-br\/o-que-e-gilsonita#respond\">0 Comments<\/a><\/span><\/div><div class=\"fusion-alignright\"><a class=\"fusion-read-more\" href=\"https:\/\/www.petroacc.com\/pt-br\/o-que-e-gilsonita\">Read More<\/a><\/div><\/div><\/article>\n<\/div><\/div><div class=\"fusion-clearfix\"><\/div>\n\n\t\t\t\t\t<\/div>\n\t\t\t\t<\/div><\/div><\/div>\n\n\n<div class=\"kk-star-ratings kksr-auto kksr-align-left kksr-valign-bottom\"\n    data-payload='{&quot;align&quot;:&quot;left&quot;,&quot;id&quot;:&quot;15501&quot;,&quot;slug&quot;:&quot;default&quot;,&quot;valign&quot;:&quot;bottom&quot;,&quot;ignore&quot;:&quot;&quot;,&quot;reference&quot;:&quot;auto&quot;,&quot;class&quot;:&quot;&quot;,&quot;count&quot;:&quot;0&quot;,&quot;legendonly&quot;:&quot;&quot;,&quot;readonly&quot;:&quot;&quot;,&quot;score&quot;:&quot;0&quot;,&quot;starsonly&quot;:&quot;&quot;,&quot;best&quot;:&quot;5&quot;,&quot;gap&quot;:&quot;0&quot;,&quot;greet&quot;:&quot;&quot;,&quot;legend&quot;:&quot;0\\\/5 - (0 voto)&quot;,&quot;size&quot;:&quot;16&quot;,&quot;title&quot;:&quot;o que \u00e9 gilsonita&quot;,&quot;width&quot;:&quot;0&quot;,&quot;_legend&quot;:&quot;{score}\\\/{best} - ({count} {votes})&quot;,&quot;font_factor&quot;:&quot;1.25&quot;}'>\n            \n<div class=\"kksr-stars\">\n    \n<div class=\"kksr-stars-inactive\">\n            <div class=\"kksr-star\" data-star=\"1\" style=\"padding-right: 0px\">\n            \n\n<div class=\"kksr-icon\" style=\"width: 16px; height: 16px;\"><\/div>\n        <\/div>\n            <div class=\"kksr-star\" data-star=\"2\" style=\"padding-right: 0px\">\n            \n\n<div class=\"kksr-icon\" style=\"width: 16px; height: 16px;\"><\/div>\n        <\/div>\n            <div class=\"kksr-star\" data-star=\"3\" style=\"padding-right: 0px\">\n            \n\n<div class=\"kksr-icon\" style=\"width: 16px; height: 16px;\"><\/div>\n        <\/div>\n            <div class=\"kksr-star\" data-star=\"4\" style=\"padding-right: 0px\">\n            \n\n<div class=\"kksr-icon\" style=\"width: 16px; height: 16px;\"><\/div>\n        <\/div>\n            <div class=\"kksr-star\" data-star=\"5\" style=\"padding-right: 0px\">\n            \n\n<div class=\"kksr-icon\" style=\"width: 16px; height: 16px;\"><\/div>\n        <\/div>\n    <\/div>\n    \n<div class=\"kksr-stars-active\" style=\"width: 0px;\">\n            <div class=\"kksr-star\" style=\"padding-right: 0px\">\n            \n\n<div class=\"kksr-icon\" style=\"width: 16px; height: 16px;\"><\/div>\n        <\/div>\n            <div class=\"kksr-star\" style=\"padding-right: 0px\">\n            \n\n<div class=\"kksr-icon\" style=\"width: 16px; height: 16px;\"><\/div>\n        <\/div>\n            <div class=\"kksr-star\" style=\"padding-right: 0px\">\n            \n\n<div class=\"kksr-icon\" style=\"width: 16px; height: 16px;\"><\/div>\n        <\/div>\n            <div class=\"kksr-star\" style=\"padding-right: 0px\">\n            \n\n<div class=\"kksr-icon\" style=\"width: 16px; height: 16px;\"><\/div>\n        <\/div>\n            <div class=\"kksr-star\" style=\"padding-right: 0px\">\n            \n\n<div class=\"kksr-icon\" style=\"width: 16px; height: 16px;\"><\/div>\n        <\/div>\n    <\/div>\n<\/div>\n                \n\n<div class=\"kksr-legend\" style=\"font-size: 12.8px;\">\n            <span class=\"kksr-muted\"><\/span>\n    <\/div>\n    <\/div>\n","protected":false},"excerpt":{"rendered":"<p>yes<\/p>\n","protected":false},"author":4,"featured_media":0,"parent":0,"menu_order":0,"comment_status":"open","ping_status":"closed","template":"","meta":{"_joinchat":[],"footnotes":""},"class_list":["post-14590","page","type-page","status-publish","hentry"],"yoast_head":"<!-- This site is optimized with the Yoast SEO plugin v26.8 - https:\/\/yoast.com\/product\/yoast-seo-wordpress\/ -->\n<title>Blog | Aras Petrochemical Co.<\/title>\n<meta name=\"robots\" content=\"index, follow, max-snippet:-1, max-image-preview:large, max-video-preview:-1\" \/>\n<link rel=\"canonical\" href=\"https:\/\/www.petroacc.com\/pt-br\/blog\" \/>\n<meta property=\"og:locale\" content=\"pt_BR\" \/>\n<meta property=\"og:type\" content=\"article\" \/>\n<meta property=\"og:title\" content=\"Blog | Aras Petrochemical Co.\" \/>\n<meta property=\"og:description\" content=\"yes\" \/>\n<meta property=\"og:url\" content=\"https:\/\/www.petroacc.com\/pt-br\/blog\" \/>\n<meta property=\"og:site_name\" content=\"Aras Petrochemical Co.\" \/>\n<meta property=\"article:publisher\" content=\"https:\/\/www.facebook.com\/groups\/1968368303375878\/\" \/>\n<meta name=\"twitter:card\" content=\"summary_large_image\" \/>\n<meta name=\"twitter:label1\" content=\"Est. tempo de leitura\" \/>\n\t<meta name=\"twitter:data1\" content=\"1 minuto\" \/>\n<script type=\"application\/ld+json\" class=\"yoast-schema-graph\">{\"@context\":\"https:\/\/schema.org\",\"@graph\":[{\"@type\":\"WebPage\",\"@id\":\"https:\/\/www.petroacc.com\/pt-br\/blog\",\"url\":\"https:\/\/www.petroacc.com\/pt-br\/blog\",\"name\":\"Blog | Aras Petrochemical Co.\",\"isPartOf\":{\"@id\":\"https:\/\/www.petroacc.com\/pt-br#website\"},\"datePublished\":\"2022-12-21T10:53:05+00:00\",\"breadcrumb\":{\"@id\":\"https:\/\/www.petroacc.com\/pt-br\/blog#breadcrumb\"},\"inLanguage\":\"pt-BR\",\"potentialAction\":[{\"@type\":\"ReadAction\",\"target\":[\"https:\/\/www.petroacc.com\/pt-br\/blog\"]}]},{\"@type\":\"BreadcrumbList\",\"@id\":\"https:\/\/www.petroacc.com\/pt-br\/blog#breadcrumb\",\"itemListElement\":[{\"@type\":\"ListItem\",\"position\":1,\"name\":\"Home\",\"item\":\"https:\/\/www.petroacc.com\/pt-br\"},{\"@type\":\"ListItem\",\"position\":2,\"name\":\"Blog\"}]},{\"@type\":\"WebSite\",\"@id\":\"https:\/\/www.petroacc.com\/pt-br#website\",\"url\":\"https:\/\/www.petroacc.com\/pt-br\",\"name\":\"Caustic soda flake | Calcium chloride\",\"description\":\"Petrochemical Company\",\"publisher\":{\"@id\":\"https:\/\/www.petroacc.com\/pt-br#organization\"},\"potentialAction\":[{\"@type\":\"SearchAction\",\"target\":{\"@type\":\"EntryPoint\",\"urlTemplate\":\"https:\/\/www.petroacc.com\/pt-br?s={search_term_string}\"},\"query-input\":{\"@type\":\"PropertyValueSpecification\",\"valueRequired\":true,\"valueName\":\"search_term_string\"}}],\"inLanguage\":\"pt-BR\"},{\"@type\":\"Organization\",\"@id\":\"https:\/\/www.petroacc.com\/pt-br#organization\",\"name\":\"Aras Petro Chemical CO\",\"url\":\"https:\/\/www.petroacc.com\/pt-br\",\"logo\":{\"@type\":\"ImageObject\",\"inLanguage\":\"pt-BR\",\"@id\":\"https:\/\/www.petroacc.com\/pt-br#\/schema\/logo\/image\/\",\"url\":\"https:\/\/www.petroacc.com\/wp-content\/uploads\/2019\/02\/Petroacc-logo.jpg\",\"contentUrl\":\"https:\/\/www.petroacc.com\/wp-content\/uploads\/2019\/02\/Petroacc-logo.jpg\",\"width\":319,\"height\":94,\"caption\":\"Aras Petro Chemical CO\"},\"image\":{\"@id\":\"https:\/\/www.petroacc.com\/pt-br#\/schema\/logo\/image\/\"},\"sameAs\":[\"https:\/\/www.facebook.com\/groups\/1968368303375878\/\"]}]}<\/script>\n<!-- \/ Yoast SEO plugin. -->","yoast_head_json":{"title":"Blog | Aras Petrochemical Co.","robots":{"index":"index","follow":"follow","max-snippet":"max-snippet:-1","max-image-preview":"max-image-preview:large","max-video-preview":"max-video-preview:-1"},"canonical":"https:\/\/www.petroacc.com\/pt-br\/blog","og_locale":"pt_BR","og_type":"article","og_title":"Blog | Aras Petrochemical Co.","og_description":"yes","og_url":"https:\/\/www.petroacc.com\/pt-br\/blog","og_site_name":"Aras Petrochemical Co.","article_publisher":"https:\/\/www.facebook.com\/groups\/1968368303375878\/","twitter_card":"summary_large_image","twitter_misc":{"Est. tempo de leitura":"1 minuto"},"schema":{"@context":"https:\/\/schema.org","@graph":[{"@type":"WebPage","@id":"https:\/\/www.petroacc.com\/pt-br\/blog","url":"https:\/\/www.petroacc.com\/pt-br\/blog","name":"Blog | Aras Petrochemical Co.","isPartOf":{"@id":"https:\/\/www.petroacc.com\/pt-br#website"},"datePublished":"2022-12-21T10:53:05+00:00","breadcrumb":{"@id":"https:\/\/www.petroacc.com\/pt-br\/blog#breadcrumb"},"inLanguage":"pt-BR","potentialAction":[{"@type":"ReadAction","target":["https:\/\/www.petroacc.com\/pt-br\/blog"]}]},{"@type":"BreadcrumbList","@id":"https:\/\/www.petroacc.com\/pt-br\/blog#breadcrumb","itemListElement":[{"@type":"ListItem","position":1,"name":"Home","item":"https:\/\/www.petroacc.com\/pt-br"},{"@type":"ListItem","position":2,"name":"Blog"}]},{"@type":"WebSite","@id":"https:\/\/www.petroacc.com\/pt-br#website","url":"https:\/\/www.petroacc.com\/pt-br","name":"Caustic soda flake | Calcium chloride","description":"Petrochemical Company","publisher":{"@id":"https:\/\/www.petroacc.com\/pt-br#organization"},"potentialAction":[{"@type":"SearchAction","target":{"@type":"EntryPoint","urlTemplate":"https:\/\/www.petroacc.com\/pt-br?s={search_term_string}"},"query-input":{"@type":"PropertyValueSpecification","valueRequired":true,"valueName":"search_term_string"}}],"inLanguage":"pt-BR"},{"@type":"Organization","@id":"https:\/\/www.petroacc.com\/pt-br#organization","name":"Aras Petro Chemical CO","url":"https:\/\/www.petroacc.com\/pt-br","logo":{"@type":"ImageObject","inLanguage":"pt-BR","@id":"https:\/\/www.petroacc.com\/pt-br#\/schema\/logo\/image\/","url":"https:\/\/www.petroacc.com\/wp-content\/uploads\/2019\/02\/Petroacc-logo.jpg","contentUrl":"https:\/\/www.petroacc.com\/wp-content\/uploads\/2019\/02\/Petroacc-logo.jpg","width":319,"height":94,"caption":"Aras Petro Chemical CO"},"image":{"@id":"https:\/\/www.petroacc.com\/pt-br#\/schema\/logo\/image\/"},"sameAs":["https:\/\/www.facebook.com\/groups\/1968368303375878\/"]}]}},"_links":{"self":[{"href":"https:\/\/www.petroacc.com\/pt-br\/wp-json\/wp\/v2\/pages\/14590","targetHints":{"allow":["GET"]}}],"collection":[{"href":"https:\/\/www.petroacc.com\/pt-br\/wp-json\/wp\/v2\/pages"}],"about":[{"href":"https:\/\/www.petroacc.com\/pt-br\/wp-json\/wp\/v2\/types\/page"}],"author":[{"embeddable":true,"href":"https:\/\/www.petroacc.com\/pt-br\/wp-json\/wp\/v2\/users\/4"}],"replies":[{"embeddable":true,"href":"https:\/\/www.petroacc.com\/pt-br\/wp-json\/wp\/v2\/comments?post=14590"}],"version-history":[{"count":1,"href":"https:\/\/www.petroacc.com\/pt-br\/wp-json\/wp\/v2\/pages\/14590\/revisions"}],"predecessor-version":[{"id":14591,"href":"https:\/\/www.petroacc.com\/pt-br\/wp-json\/wp\/v2\/pages\/14590\/revisions\/14591"}],"wp:attachment":[{"href":"https:\/\/www.petroacc.com\/pt-br\/wp-json\/wp\/v2\/media?parent=14590"}],"curies":[{"name":"wp","href":"https:\/\/api.w.org\/{rel}","templated":true}]}}