{"id":14800,"date":"2022-12-26T18:15:04","date_gmt":"2022-12-26T14:45:04","guid":{"rendered":"https:\/\/www.petroacc.com?page_id=14800"},"modified":"2024-01-17T15:13:08","modified_gmt":"2024-01-17T11:43:08","slug":"a-propos-de-nous","status":"publish","type":"page","link":"https:\/\/www.petroacc.com\/fr\/a-propos-de-nous","title":{"rendered":"\u00c0 PROPOS DE NOUS"},"content":{"rendered":"<div class=\"fusion-fullwidth fullwidth-box nonhundred-percent-fullwidth non-hundred-percent-height-scrolling\"  style='background-color: #ffffff;background-position: center center;background-repeat: no-repeat;padding-top:0px;padding-right:0px;padding-bottom:0px;padding-left:0px;'><div class=\"fusion-builder-row fusion-row \"><div  class=\"fusion-layout-column fusion_builder_column fusion_builder_column_1_2  fusion-one-half fusion-column-first 1_2\"  style='margin-top:0px;margin-bottom:20px;width:48%; margin-right: 4%;'>\n\t\t\t\t\t<div class=\"fusion-column-wrapper\" style=\"padding: 0px 0px 0px 0px;background-position:left top;background-repeat:no-repeat;-webkit-background-size:cover;-moz-background-size:cover;-o-background-size:cover;background-size:cover;\"  data-bg-url=\"\">\n\t\t\t\t\t\t<div class=\"fusion-title title fusion-title-size-two\" style=\"margin-top:0px;margin-bottom:20px;\"><h2 class=\"title-heading-left\"><strong>Bienvenue \u00e0 la soci\u00e9t\u00e9 p\u00e9trochimique Aras<\/strong><\/h2><div class=\"title-sep-container\"><div class=\"title-sep sep-single\" style=\"border-color:#e0dede;\"><\/div><\/div><\/div><div class=\"fusion-text\"><p>Aras petrochemical Company (PETRO ACC) serait un fabricant p\u00e9trochimique avec une large gamme de produits p\u00e9trochimiques qui fournit le meilleur service technique et des produits p\u00e9trochimiques de qualit\u00e9 \u00e0 de nombreuses industries manufacturi\u00e8res.<\/p>\n<p>PETRO ACC, dont le si\u00e8ge est en Asie, couvre l&rsquo;Extr\u00eame-Orient, l&rsquo;Europe, le Moyen-Orient et l&rsquo;Afrique.<\/p>\n<p>La soci\u00e9t\u00e9 PETRO ACC serait activement impliqu\u00e9e dans le programme de distribution responsable. Nous nous engageons \u00e0 fournir \u00e0 nos clients des produits et des services en temps opportun qui r\u00e9pondent constamment \u00e0 leurs sp\u00e9cifications et satisfont \u00e0 leurs attentes. En agissant de mani\u00e8re responsable dans tous les aspects de nos activit\u00e9s, nous pouvons satisfaire nos clients gr\u00e2ce \u00e0 une am\u00e9lioration continue.<\/p>\n<p><strong>Notre avantage de production:<\/strong><\/p>\n<p>Dans le domaine des produits p\u00e9trochimiques, nous avons plusieurs avantages. tels que la norme industrielle (ISIRI2361) et la norme alimentaire (ISIRI8394),\u00a0Pour un emballage facile \u00e0 utiliser,\u00a0en tenant compte de la haute qualit\u00e9 et du\u00a0prix comp\u00e9titif.<\/p>\n<\/div><div class=\"fusion-clearfix\"><\/div>\n\n\t\t\t\t\t<\/div>\n\t\t\t\t<\/div><div  class=\"fusion-layout-column fusion_builder_column fusion_builder_column_1_2  fusion-one-half fusion-column-last 1_2\"  style='margin-top:0px;margin-bottom:0px;width:48%'>\n\t\t\t\t\t<div class=\"fusion-column-wrapper\" style=\"padding: 0px 0px 0px 0px;background-position:left top;background-repeat:no-repeat;-webkit-background-size:cover;-moz-background-size:cover;-o-background-size:cover;background-size:cover;\"  data-bg-url=\"\">\n\t\t\t\t\t\t<div class=\"fusion-slider-sc flexslider flexslider-hover-type-none\" style=\"max-width:100%;height:100%;\"><ul class=\"slides\"><li class=\"image\"><span class=\"hover-type-none\"><img decoding=\"async\" role=\"presentation\" src=\"https:\/\/www.petroacc.com\/wp-content\/uploads\/2014\/11\/petroacc-slider-home-1024x526.jpg\" \/><\/span><\/li><\/ul><\/div><div class=\"fusion-clearfix\"><\/div>\n\n\t\t\t\t\t<\/div>\n\t\t\t\t<\/div><div  class=\"fusion-layout-column fusion_builder_column fusion_builder_column_1_2  fusion-one-half fusion-column-first 1_2\"  style='margin-top:0px;margin-bottom:20px;width:48%; margin-right: 4%;'>\n\t\t\t\t\t<div class=\"fusion-column-wrapper\" style=\"padding: 0px 0px 0px 0px;background-position:left top;background-repeat:no-repeat;-webkit-background-size:cover;-moz-background-size:cover;-o-background-size:cover;background-size:cover;\"  data-bg-url=\"\">\n\t\t\t\t\t\t<div class=\"fusion-title title fusion-title-size-two\" style=\"margin-top:0px;margin-bottom:20px;\"><h2 class=\"title-heading-left\">Pourquoi Aras Petrochemical Company<\/h2><div class=\"title-sep-container\"><div class=\"title-sep sep-single\" style=\"border-color:#e0dede;\"><\/div><\/div><\/div><style type=\"text\/css\" scoped=\"scoped\">.fusion-accordian  #accordion-14800-1 .panel-title a .fa-fusion-box{ color: #ffffff;}.fusion-accordian  #accordion-14800-1 .panel-title a .fa-fusion-box:before{ font-size: 13px; width: 13px;}<\/style><div class=\"accordian fusion-accordian\"><div class=\"panel-group\" id=\"accordion-14800-1\"><div class=\"fusion-panel panel-default\"><div class=\"panel-heading\"><h4 class=\"panel-title toggle\"><a data-toggle=\"collapse\" data-target=\"#3c9e4a2448834d3a4\" href=\"#3c9e4a2448834d3a4\"><div class=\"fusion-toggle-icon-wrapper\"><i class=\"fa-fusion-box\"><\/i><\/div><div class=\"fusion-toggle-heading\">Fabriquer des produits p\u00e9trochimiques de haute qualit\u00e9<\/div><\/a><\/h4><\/div><div id=\"3c9e4a2448834d3a4\" class=\"panel-collapse collapse \"><div class=\"panel-body toggle-content\">\n<p>Producteur p\u00e9trochimique international Soci\u00e9t\u00e9 de diff\u00e9rentes qualit\u00e9s de produits p\u00e9trochimiques avec les meilleurs services d&rsquo;exportation vers tous les pays du monde avec des produits de haute qualit\u00e9&#8230;<\/p>\n<\/div><\/div><\/div><div class=\"fusion-panel panel-default\"><div class=\"panel-heading\"><h4 class=\"panel-title toggle\"><a data-toggle=\"collapse\" data-target=\"#1375022adc153a0d9\" href=\"#1375022adc153a0d9\"><div class=\"fusion-toggle-icon-wrapper\"><i class=\"fa-fusion-box\"><\/i><\/div><div class=\"fusion-toggle-heading\">Fournir de nombreux produits p\u00e9trochimiques<\/div><\/a><\/h4><\/div><div id=\"1375022adc153a0d9\" class=\"panel-collapse collapse \"><div class=\"panel-body toggle-content\">\n<p>Des services op\u00e9rationnels tels que la fourniture de mati\u00e8res premi\u00e8res chimiques \u00e0 nos clients estim\u00e9s, pour la fabrication et la production de produits industriels et non industriels &#8230;<\/p>\n<\/div><\/div><\/div><div class=\"fusion-panel panel-default\"><div class=\"panel-heading\"><h4 class=\"panel-title toggle\"><a data-toggle=\"collapse\" data-target=\"#3ad72476a330f1830\" href=\"#3ad72476a330f1830\"><div class=\"fusion-toggle-icon-wrapper\"><i class=\"fa-fusion-box\"><\/i><\/div><div class=\"fusion-toggle-heading\">Fournir des produits p\u00e9trochimiques standard de la meilleure qualit\u00e9<\/div><\/a><\/h4><\/div><div id=\"3ad72476a330f1830\" class=\"panel-collapse collapse \"><div class=\"panel-body toggle-content\">\n<p>Fournir une haute qualit\u00e9 avec les meilleurs emballages et notre propre marque et logos (pour certains types de productions) et revoir l&rsquo;authentification des entreprises ainsi que l&rsquo;ex\u00e9cution de tous les services douaniers pour l&rsquo;exportation.<\/p>\n<\/div><\/div><\/div><\/div><\/div><div class=\"fusion-clearfix\"><\/div>\n\n\t\t\t\t\t<\/div>\n\t\t\t\t<\/div><div  class=\"fusion-layout-column fusion_builder_column fusion_builder_column_1_1  fusion-one-full fusion-column-last fusion-column-no-min-height 1_1\"  style='margin-top:0px;margin-bottom:0px;'>\n\t\t\t\t\t<div class=\"fusion-column-wrapper\" style=\"padding: 0px 0px 0px 0px;background-position:left top;background-repeat:no-repeat;-webkit-background-size:cover;-moz-background-size:cover;-o-background-size:cover;background-size:cover;\"  data-bg-url=\"\">\n\t\t\t\t\t\t<div class=\"fusion-sep-clear\"><\/div><div class=\"fusion-separator fusion-full-width-sep sep-none\" style=\"margin-left: auto;margin-right: auto;margin-top:20px;\"><\/div><div class=\"fusion-clearfix\"><\/div>\n\n\t\t\t\t\t<\/div>\n\t\t\t\t<\/div><\/div><\/div>\n","protected":false},"excerpt":{"rendered":"","protected":false},"author":4,"featured_media":0,"parent":0,"menu_order":0,"comment_status":"open","ping_status":"open","template":"100-width.php","meta":{"_joinchat":[],"footnotes":""},"class_list":["post-14800","page","type-page","status-publish","hentry"],"yoast_head":"<!-- This site is optimized with the Yoast SEO plugin v26.8 - https:\/\/yoast.com\/product\/yoast-seo-wordpress\/ -->\n<title>\u00c0 PROPOS DE NOUS | Aras Petrochemical Co.<\/title>\n<meta name=\"description\" content=\"La soci\u00e9t\u00e9 p\u00e9trochimique Aras serait fournisseur et producteur de produits p\u00e9troliers et de produits p\u00e9trochimiques de haute qualit\u00e9 et des meilleurs services\" \/>\n<meta name=\"robots\" content=\"index, follow, max-snippet:-1, max-image-preview:large, max-video-preview:-1\" \/>\n<link rel=\"canonical\" href=\"https:\/\/www.petroacc.com\/fr\/a-propos-de-nous\" \/>\n<meta property=\"og:locale\" content=\"fr_FR\" \/>\n<meta property=\"og:type\" content=\"article\" \/>\n<meta property=\"og:title\" content=\"\u00c0 PROPOS DE NOUS | Aras Petrochemical Co.\" \/>\n<meta property=\"og:description\" content=\"La soci\u00e9t\u00e9 p\u00e9trochimique Aras serait fournisseur et producteur de produits p\u00e9troliers et de produits p\u00e9trochimiques de haute qualit\u00e9 et des meilleurs services\" \/>\n<meta property=\"og:url\" content=\"https:\/\/www.petroacc.com\/fr\/a-propos-de-nous\" \/>\n<meta property=\"og:site_name\" content=\"Aras Petrochemical Co.\" \/>\n<meta property=\"article:publisher\" content=\"https:\/\/www.facebook.com\/groups\/1968368303375878\/\" \/>\n<meta property=\"article:modified_time\" content=\"2024-01-17T11:43:08+00:00\" \/>\n<meta name=\"twitter:card\" content=\"summary_large_image\" \/>\n<meta name=\"twitter:label1\" content=\"Dur\u00e9e de lecture estim\u00e9e\" \/>\n\t<meta name=\"twitter:data1\" content=\"4 minutes\" \/>\n<script type=\"application\/ld+json\" class=\"yoast-schema-graph\">{\"@context\":\"https:\/\/schema.org\",\"@graph\":[{\"@type\":\"WebPage\",\"@id\":\"https:\/\/www.petroacc.com\/fr\/a-propos-de-nous\",\"url\":\"https:\/\/www.petroacc.com\/fr\/a-propos-de-nous\",\"name\":\"\u00c0 PROPOS DE NOUS | Aras Petrochemical Co.\",\"isPartOf\":{\"@id\":\"https:\/\/www.petroacc.com\/fr#website\"},\"datePublished\":\"2022-12-26T14:45:04+00:00\",\"dateModified\":\"2024-01-17T11:43:08+00:00\",\"description\":\"La soci\u00e9t\u00e9 p\u00e9trochimique Aras serait fournisseur et producteur de produits p\u00e9troliers et de produits p\u00e9trochimiques de haute qualit\u00e9 et des meilleurs services\",\"breadcrumb\":{\"@id\":\"https:\/\/www.petroacc.com\/fr\/a-propos-de-nous#breadcrumb\"},\"inLanguage\":\"fr-FR\",\"potentialAction\":[{\"@type\":\"ReadAction\",\"target\":[\"https:\/\/www.petroacc.com\/fr\/a-propos-de-nous\"]}]},{\"@type\":\"BreadcrumbList\",\"@id\":\"https:\/\/www.petroacc.com\/fr\/a-propos-de-nous#breadcrumb\",\"itemListElement\":[{\"@type\":\"ListItem\",\"position\":1,\"name\":\"Home\",\"item\":\"https:\/\/www.petroacc.com\/fr\"},{\"@type\":\"ListItem\",\"position\":2,\"name\":\"\u00c0 PROPOS DE NOUS\"}]},{\"@type\":\"WebSite\",\"@id\":\"https:\/\/www.petroacc.com\/fr#website\",\"url\":\"https:\/\/www.petroacc.com\/fr\",\"name\":\"Caustic soda flake | Calcium chloride\",\"description\":\"Petrochemical Company\",\"publisher\":{\"@id\":\"https:\/\/www.petroacc.com\/fr#organization\"},\"potentialAction\":[{\"@type\":\"SearchAction\",\"target\":{\"@type\":\"EntryPoint\",\"urlTemplate\":\"https:\/\/www.petroacc.com\/fr?s={search_term_string}\"},\"query-input\":{\"@type\":\"PropertyValueSpecification\",\"valueRequired\":true,\"valueName\":\"search_term_string\"}}],\"inLanguage\":\"fr-FR\"},{\"@type\":\"Organization\",\"@id\":\"https:\/\/www.petroacc.com\/fr#organization\",\"name\":\"Aras Petro Chemical CO\",\"url\":\"https:\/\/www.petroacc.com\/fr\",\"logo\":{\"@type\":\"ImageObject\",\"inLanguage\":\"fr-FR\",\"@id\":\"https:\/\/www.petroacc.com\/fr#\/schema\/logo\/image\/\",\"url\":\"https:\/\/www.petroacc.com\/wp-content\/uploads\/2019\/02\/Petroacc-logo.jpg\",\"contentUrl\":\"https:\/\/www.petroacc.com\/wp-content\/uploads\/2019\/02\/Petroacc-logo.jpg\",\"width\":319,\"height\":94,\"caption\":\"Aras Petro Chemical CO\"},\"image\":{\"@id\":\"https:\/\/www.petroacc.com\/fr#\/schema\/logo\/image\/\"},\"sameAs\":[\"https:\/\/www.facebook.com\/groups\/1968368303375878\/\"]}]}<\/script>\n<!-- \/ Yoast SEO plugin. -->","yoast_head_json":{"title":"\u00c0 PROPOS DE NOUS | Aras Petrochemical Co.","description":"La soci\u00e9t\u00e9 p\u00e9trochimique Aras serait fournisseur et producteur de produits p\u00e9troliers et de produits p\u00e9trochimiques de haute qualit\u00e9 et des meilleurs services","robots":{"index":"index","follow":"follow","max-snippet":"max-snippet:-1","max-image-preview":"max-image-preview:large","max-video-preview":"max-video-preview:-1"},"canonical":"https:\/\/www.petroacc.com\/fr\/a-propos-de-nous","og_locale":"fr_FR","og_type":"article","og_title":"\u00c0 PROPOS DE NOUS | Aras Petrochemical Co.","og_description":"La soci\u00e9t\u00e9 p\u00e9trochimique Aras serait fournisseur et producteur de produits p\u00e9troliers et de produits p\u00e9trochimiques de haute qualit\u00e9 et des meilleurs services","og_url":"https:\/\/www.petroacc.com\/fr\/a-propos-de-nous","og_site_name":"Aras Petrochemical Co.","article_publisher":"https:\/\/www.facebook.com\/groups\/1968368303375878\/","article_modified_time":"2024-01-17T11:43:08+00:00","twitter_card":"summary_large_image","twitter_misc":{"Dur\u00e9e de lecture estim\u00e9e":"4 minutes"},"schema":{"@context":"https:\/\/schema.org","@graph":[{"@type":"WebPage","@id":"https:\/\/www.petroacc.com\/fr\/a-propos-de-nous","url":"https:\/\/www.petroacc.com\/fr\/a-propos-de-nous","name":"\u00c0 PROPOS DE NOUS | Aras Petrochemical Co.","isPartOf":{"@id":"https:\/\/www.petroacc.com\/fr#website"},"datePublished":"2022-12-26T14:45:04+00:00","dateModified":"2024-01-17T11:43:08+00:00","description":"La soci\u00e9t\u00e9 p\u00e9trochimique Aras serait fournisseur et producteur de produits p\u00e9troliers et de produits p\u00e9trochimiques de haute qualit\u00e9 et des meilleurs services","breadcrumb":{"@id":"https:\/\/www.petroacc.com\/fr\/a-propos-de-nous#breadcrumb"},"inLanguage":"fr-FR","potentialAction":[{"@type":"ReadAction","target":["https:\/\/www.petroacc.com\/fr\/a-propos-de-nous"]}]},{"@type":"BreadcrumbList","@id":"https:\/\/www.petroacc.com\/fr\/a-propos-de-nous#breadcrumb","itemListElement":[{"@type":"ListItem","position":1,"name":"Home","item":"https:\/\/www.petroacc.com\/fr"},{"@type":"ListItem","position":2,"name":"\u00c0 PROPOS DE NOUS"}]},{"@type":"WebSite","@id":"https:\/\/www.petroacc.com\/fr#website","url":"https:\/\/www.petroacc.com\/fr","name":"Caustic soda flake | Calcium chloride","description":"Petrochemical Company","publisher":{"@id":"https:\/\/www.petroacc.com\/fr#organization"},"potentialAction":[{"@type":"SearchAction","target":{"@type":"EntryPoint","urlTemplate":"https:\/\/www.petroacc.com\/fr?s={search_term_string}"},"query-input":{"@type":"PropertyValueSpecification","valueRequired":true,"valueName":"search_term_string"}}],"inLanguage":"fr-FR"},{"@type":"Organization","@id":"https:\/\/www.petroacc.com\/fr#organization","name":"Aras Petro Chemical CO","url":"https:\/\/www.petroacc.com\/fr","logo":{"@type":"ImageObject","inLanguage":"fr-FR","@id":"https:\/\/www.petroacc.com\/fr#\/schema\/logo\/image\/","url":"https:\/\/www.petroacc.com\/wp-content\/uploads\/2019\/02\/Petroacc-logo.jpg","contentUrl":"https:\/\/www.petroacc.com\/wp-content\/uploads\/2019\/02\/Petroacc-logo.jpg","width":319,"height":94,"caption":"Aras Petro Chemical CO"},"image":{"@id":"https:\/\/www.petroacc.com\/fr#\/schema\/logo\/image\/"},"sameAs":["https:\/\/www.facebook.com\/groups\/1968368303375878\/"]}]}},"_links":{"self":[{"href":"https:\/\/www.petroacc.com\/fr\/wp-json\/wp\/v2\/pages\/14800","targetHints":{"allow":["GET"]}}],"collection":[{"href":"https:\/\/www.petroacc.com\/fr\/wp-json\/wp\/v2\/pages"}],"about":[{"href":"https:\/\/www.petroacc.com\/fr\/wp-json\/wp\/v2\/types\/page"}],"author":[{"embeddable":true,"href":"https:\/\/www.petroacc.com\/fr\/wp-json\/wp\/v2\/users\/4"}],"replies":[{"embeddable":true,"href":"https:\/\/www.petroacc.com\/fr\/wp-json\/wp\/v2\/comments?post=14800"}],"version-history":[{"count":1,"href":"https:\/\/www.petroacc.com\/fr\/wp-json\/wp\/v2\/pages\/14800\/revisions"}],"predecessor-version":[{"id":14801,"href":"https:\/\/www.petroacc.com\/fr\/wp-json\/wp\/v2\/pages\/14800\/revisions\/14801"}],"wp:attachment":[{"href":"https:\/\/www.petroacc.com\/fr\/wp-json\/wp\/v2\/media?parent=14800"}],"curies":[{"name":"wp","href":"https:\/\/api.w.org\/{rel}","templated":true}]}}